{"id":28924,"date":"2025-04-08T11:27:10","date_gmt":"2025-04-08T09:27:10","guid":{"rendered":"https:\/\/pompesfunebresbarras.ch\/pompes-funebres-barras-crans-montana\/"},"modified":"2025-11-13T09:38:06","modified_gmt":"2025-11-13T08:38:06","slug":"pompes-funebres-barras-crans-montana","status":"publish","type":"page","link":"https:\/\/pompesfunebresbarras.ch\/de\/","title":{"rendered":"Bestattungsinstitut Barras Crans-Montana"},"content":{"rendered":"\t\t<div data-elementor-type=\"wp-page\" data-elementor-id=\"28924\" class=\"elementor elementor-28924\" data-elementor-post-type=\"page\">\n\t\t\t\t\t\t<section class=\"elementor-section elementor-top-section elementor-element elementor-element-52d17193 elementor-section-boxed elementor-section-height-default elementor-section-height-default wpr-particle-no wpr-jarallax-no wpr-parallax-no wpr-sticky-section-no wpr-equal-height-no\" data-id=\"52d17193\" data-element_type=\"section\" data-e-type=\"section\">\n\t\t\t\t\t\t<div class=\"elementor-container elementor-column-gap-no\">\n\t\t\t\t\t<div class=\"elementor-column elementor-col-100 elementor-top-column elementor-element elementor-element-66bfe9de\" data-id=\"66bfe9de\" data-element_type=\"column\" data-e-type=\"column\">\n\t\t\t<div class=\"elementor-widget-wrap elementor-element-populated\">\n\t\t\t\t\t\t<div class=\"elementor-element elementor-element-1c6b59df elementor-widget elementor-widget-spacer\" data-id=\"1c6b59df\" data-element_type=\"widget\" data-e-type=\"widget\" data-widget_type=\"spacer.default\">\n\t\t\t\t<div class=\"elementor-widget-container\">\n\t\t\t\t\t\t\t<div class=\"elementor-spacer\">\n\t\t\t<div class=\"elementor-spacer-inner\"><\/div>\n\t\t<\/div>\n\t\t\t\t\t\t<\/div>\n\t\t\t\t<\/div>\n\t\t\t\t<section class=\"elementor-section elementor-inner-section elementor-element elementor-element-1812f88e elementor-section-height-min-height elementor-section-full_width elementor-section-height-default wpr-particle-no wpr-jarallax-no wpr-parallax-no wpr-sticky-section-no wpr-equal-height-no\" data-id=\"1812f88e\" data-element_type=\"section\" data-e-type=\"section\" data-settings=\"{&quot;background_background&quot;:&quot;slideshow&quot;,&quot;background_slideshow_gallery&quot;:[{&quot;id&quot;:29241,&quot;url&quot;:&quot;https:\\\/\\\/pompesfunebresbarras.ch\\\/wp-content\\\/uploads\\\/2025\\\/11\\\/butterfly-1611794.jpg&quot;},{&quot;id&quot;:29252,&quot;url&quot;:&quot;https:\\\/\\\/pompesfunebresbarras.ch\\\/wp-content\\\/uploads\\\/2025\\\/11\\\/zdenek-machacek-wKbuplZNaMY-unsplash-Copie-scaled.jpg&quot;},{&quot;id&quot;:29251,&quot;url&quot;:&quot;https:\\\/\\\/pompesfunebresbarras.ch\\\/wp-content\\\/uploads\\\/2025\\\/11\\\/wolves-1341881-scaled.jpg&quot;},{&quot;id&quot;:29250,&quot;url&quot;:&quot;https:\\\/\\\/pompesfunebresbarras.ch\\\/wp-content\\\/uploads\\\/2025\\\/11\\\/thomas-beckett-Wh5vGRbI6sY-unsplash-scaled.jpg&quot;},{&quot;id&quot;:29248,&quot;url&quot;:&quot;https:\\\/\\\/pompesfunebresbarras.ch\\\/wp-content\\\/uploads\\\/2025\\\/11\\\/ray-hennessy-qQUtvVdurHg-unsplash-Copie-scaled.jpg&quot;},{&quot;id&quot;:29246,&quot;url&quot;:&quot;https:\\\/\\\/pompesfunebresbarras.ch\\\/wp-content\\\/uploads\\\/2025\\\/11\\\/night-3078326.jpg&quot;},{&quot;id&quot;:29245,&quot;url&quot;:&quot;https:\\\/\\\/pompesfunebresbarras.ch\\\/wp-content\\\/uploads\\\/2025\\\/11\\\/My-project-12.jpg&quot;},{&quot;id&quot;:29243,&quot;url&quot;:&quot;https:\\\/\\\/pompesfunebresbarras.ch\\\/wp-content\\\/uploads\\\/2025\\\/11\\\/champ-de-fleurs-1_ccexpress.jpeg&quot;},{&quot;id&quot;:29242,&quot;url&quot;:&quot;https:\\\/\\\/pompesfunebresbarras.ch\\\/wp-content\\\/uploads\\\/2025\\\/11\\\/cathy-holewinski-P1ljCnperP8-unsplash-scaled.jpg&quot;},{&quot;id&quot;:29240,&quot;url&quot;:&quot;https:\\\/\\\/pompesfunebresbarras.ch\\\/wp-content\\\/uploads\\\/2025\\\/11\\\/beautiful-shot-cute-northern-cardinal-bird-winter-day-scaled.jpg&quot;},{&quot;id&quot;:29249,&quot;url&quot;:&quot;https:\\\/\\\/pompesfunebresbarras.ch\\\/wp-content\\\/uploads\\\/2025\\\/11\\\/sunset-815270-scaled.jpg&quot;},{&quot;id&quot;:29247,&quot;url&quot;:&quot;https:\\\/\\\/pompesfunebresbarras.ch\\\/wp-content\\\/uploads\\\/2025\\\/11\\\/ray-hennessy-6-JIDCnZG2E-unsplash-scaled.jpg&quot;}],&quot;background_slideshow_slide_duration&quot;:3500,&quot;background_slideshow_lazyload&quot;:&quot;yes&quot;,&quot;background_slideshow_transition_duration&quot;:750,&quot;background_slideshow_loop&quot;:&quot;yes&quot;,&quot;background_slideshow_slide_transition&quot;:&quot;fade&quot;}\">\n\t\t\t\t\t\t<div class=\"elementor-container elementor-column-gap-default\">\n\t\t\t\t\t<div class=\"elementor-column elementor-col-100 elementor-inner-column elementor-element elementor-element-781842fc\" data-id=\"781842fc\" data-element_type=\"column\" data-e-type=\"column\" data-settings=\"{&quot;background_background&quot;:&quot;gradient&quot;}\">\n\t\t\t<div class=\"elementor-widget-wrap\">\n\t\t\t\t\t\t\t<\/div>\n\t\t<\/div>\n\t\t\t\t\t<\/div>\n\t\t<\/section>\n\t\t\t\t\t<\/div>\n\t\t<\/div>\n\t\t\t\t\t<\/div>\n\t\t<\/section>\n\t\t\t\t<section class=\"elementor-section elementor-top-section elementor-element elementor-element-2c4c9751 elementor-section-boxed elementor-section-height-default elementor-section-height-default wpr-particle-no wpr-jarallax-no wpr-parallax-no wpr-sticky-section-no wpr-equal-height-no\" data-id=\"2c4c9751\" data-element_type=\"section\" data-e-type=\"section\">\n\t\t\t\t\t\t<div class=\"elementor-container elementor-column-gap-default\">\n\t\t\t\t\t<div class=\"elementor-column elementor-col-100 elementor-top-column elementor-element elementor-element-4cf1d59b\" data-id=\"4cf1d59b\" data-element_type=\"column\" data-e-type=\"column\">\n\t\t\t<div class=\"elementor-widget-wrap elementor-element-populated\">\n\t\t\t\t\t\t<div class=\"elementor-element elementor-element-14ac798c elementor-widget elementor-widget-heading\" data-id=\"14ac798c\" data-element_type=\"widget\" data-e-type=\"widget\" data-widget_type=\"heading.default\">\n\t\t\t\t<div class=\"elementor-widget-container\">\n\t\t\t\t\t<h1 class=\"elementor-heading-title elementor-size-default\">Pompes fun\u00e8bres Barras Crans-Montana Valais<\/h1>\t\t\t\t<\/div>\n\t\t\t\t<\/div>\n\t\t\t\t\t<\/div>\n\t\t<\/div>\n\t\t\t\t\t<\/div>\n\t\t<\/section>\n\t\t\t\t<section class=\"elementor-section elementor-top-section elementor-element elementor-element-20aab2dc elementor-section-boxed elementor-section-height-default elementor-section-height-default wpr-particle-no wpr-jarallax-no wpr-parallax-no wpr-sticky-section-no wpr-equal-height-no\" data-id=\"20aab2dc\" data-element_type=\"section\" data-e-type=\"section\">\n\t\t\t\t\t\t<div class=\"elementor-container elementor-column-gap-no\">\n\t\t\t\t\t<div class=\"elementor-column elementor-col-50 elementor-top-column elementor-element elementor-element-5a2a9934\" data-id=\"5a2a9934\" data-element_type=\"column\" data-e-type=\"column\">\n\t\t\t<div class=\"elementor-widget-wrap elementor-element-populated\">\n\t\t\t\t\t\t<div class=\"elementor-element elementor-element-23aea286 elementor-widget elementor-widget-text-editor\" data-id=\"23aea286\" data-element_type=\"widget\" data-e-type=\"widget\" data-widget_type=\"text-editor.default\">\n\t\t\t\t<div class=\"elementor-widget-container\">\n\t\t\t\t\t\t\t\t\t<h2 style=\"font-size: 25pt; text-align: left;\">Une entreprise familiale pour vous accompagner<\/h2>\t\t\t\t\t\t\t\t<\/div>\n\t\t\t\t<\/div>\n\t\t\t\t<div class=\"elementor-element elementor-element-31bc2633 elementor-widget elementor-widget-text-editor\" data-id=\"31bc2633\" data-element_type=\"widget\" data-e-type=\"widget\" data-widget_type=\"text-editor.default\">\n\t\t\t\t<div class=\"elementor-widget-container\">\n\t\t\t\t\t\t\t\t\t<div><i>Offrir un accompagnement profond\u00e9ment humain et sur mesure, c\u2019est le c\u0153ur de notre mission.<\/i><\/div><div><i>Les Pompes Fun\u00e8bres Barras \u00e0 Crans-Montana et en Valais Central se distinguent par une \u00e9quipe ind\u00e9pendante, familiale, et profond\u00e9ment humaine, o\u00f9 la personnalisation occupe une place centrale<br \/>Chaque personne, chaque famille, chaque deuil est unique. C\u2019est pourquoi nous prenons le temps d\u2019\u00e9couter, de comprendre et de respecter les souhaits, les besoins et les envies de chacun.<br \/>\u00c0 vos c\u00f4t\u00e9s avec sensibilit\u00e9 et discr\u00e9tion, nous vous accompagnons pas \u00e0 pas, en vous proposant un soutien sinc\u00e8re, enti\u00e8rement personnalis\u00e9, fid\u00e8le \u00e0 vos valeurs et \u00e0 l\u2019histoire de la personne disparue.<\/i><\/div>\t\t\t\t\t\t\t\t<\/div>\n\t\t\t\t<\/div>\n\t\t\t\t<section class=\"elementor-section elementor-inner-section elementor-element elementor-element-2ae964d5 elementor-section-boxed elementor-section-height-default elementor-section-height-default wpr-particle-no wpr-jarallax-no wpr-parallax-no wpr-sticky-section-no wpr-equal-height-no\" data-id=\"2ae964d5\" data-element_type=\"section\" data-e-type=\"section\">\n\t\t\t\t\t\t<div class=\"elementor-container elementor-column-gap-default\">\n\t\t\t\t\t<div class=\"elementor-column elementor-col-50 elementor-inner-column elementor-element elementor-element-3878e77b\" data-id=\"3878e77b\" data-element_type=\"column\" data-e-type=\"column\">\n\t\t\t<div class=\"elementor-widget-wrap elementor-element-populated\">\n\t\t\t\t\t\t<div class=\"elementor-element elementor-element-7e754db4 elementor-widget elementor-widget-image\" data-id=\"7e754db4\" data-element_type=\"widget\" data-e-type=\"widget\" data-widget_type=\"image.default\">\n\t\t\t\t<div class=\"elementor-widget-container\">\n\t\t\t\t\t\t\t\t\t\t\t\t\t\t\t<img decoding=\"async\" width=\"150\" height=\"150\" src=\"https:\/\/pompesfunebresbarras.ch\/wp-content\/uploads\/2025\/07\/Sarah-Barras-e1752713651975-150x150.png\" class=\"attachment-thumbnail size-thumbnail wp-image-29150\" alt=\"Sarha Barras la directrice des pompes fun\u00e8bres barras \u00e0 Crans-Montana\" srcset=\"https:\/\/pompesfunebresbarras.ch\/wp-content\/uploads\/2025\/07\/Sarah-Barras-e1752713651975-150x150.png 150w, https:\/\/pompesfunebresbarras.ch\/wp-content\/uploads\/2025\/07\/Sarah-Barras-e1752713651975-300x300.png 300w, https:\/\/pompesfunebresbarras.ch\/wp-content\/uploads\/2025\/07\/Sarah-Barras-e1752713651975-12x12.png 12w, https:\/\/pompesfunebresbarras.ch\/wp-content\/uploads\/2025\/07\/Sarah-Barras-e1752713651975.png 409w\" sizes=\"(max-width: 150px) 100vw, 150px\" \/>\t\t\t\t\t\t\t\t\t\t\t\t\t\t\t<\/div>\n\t\t\t\t<\/div>\n\t\t\t\t<div class=\"elementor-element elementor-element-224ed135 elementor-widget elementor-widget-text-editor\" data-id=\"224ed135\" data-element_type=\"widget\" data-e-type=\"widget\" data-widget_type=\"text-editor.default\">\n\t\t\t\t<div class=\"elementor-widget-container\">\n\t\t\t\t\t\t\t\t\t<p style=\"text-align: center;\"><strong>Sarah Barras, directrice <\/strong><\/p>\t\t\t\t\t\t\t\t<\/div>\n\t\t\t\t<\/div>\n\t\t\t\t\t<\/div>\n\t\t<\/div>\n\t\t\t\t<div class=\"elementor-column elementor-col-50 elementor-inner-column elementor-element elementor-element-4522023b\" data-id=\"4522023b\" data-element_type=\"column\" data-e-type=\"column\">\n\t\t\t<div class=\"elementor-widget-wrap elementor-element-populated\">\n\t\t\t\t\t\t<div class=\"elementor-element elementor-element-195763fc elementor-align-center elementor-widget elementor-widget-button\" data-id=\"195763fc\" data-element_type=\"widget\" data-e-type=\"widget\" data-widget_type=\"button.default\">\n\t\t\t\t<div class=\"elementor-widget-container\">\n\t\t\t\t\t\t\t\t\t<div class=\"elementor-button-wrapper\">\n\t\t\t\t\t<a class=\"elementor-button elementor-button-link elementor-size-sm elementor-animation-float\" href=\"https:\/\/pompesfunebresbarras.ch\/contacter-pompes-funebres-barras-sa\/\">\n\t\t\t\t\t\t<span class=\"elementor-button-content-wrapper\">\n\t\t\t\t\t\t<span class=\"elementor-button-icon\">\n\t\t\t\t<svg aria-hidden=\"true\" class=\"e-font-icon-svg e-fas-phone-alt\" viewBox=\"0 0 512 512\" xmlns=\"http:\/\/www.w3.org\/2000\/svg\"><path d=\"M497.39 361.8l-112-48a24 24 0 0 0-28 6.9l-49.6 60.6A370.66 370.66 0 0 1 130.6 204.11l60.6-49.6a23.94 23.94 0 0 0 6.9-28l-48-112A24.16 24.16 0 0 0 122.6.61l-104 24A24 24 0 0 0 0 48c0 256.5 207.9 464 464 464a24 24 0 0 0 23.4-18.6l24-104a24.29 24.29 0 0 0-14.01-27.6z\"><\/path><\/svg>\t\t\t<\/span>\n\t\t\t\t\t\t\t\t\t<span class=\"elementor-button-text\">Nous contactez   <\/span>\n\t\t\t\t\t<\/span>\n\t\t\t\t\t<\/a>\n\t\t\t\t<\/div>\n\t\t\t\t\t\t\t\t<\/div>\n\t\t\t\t<\/div>\n\t\t\t\t\t<\/div>\n\t\t<\/div>\n\t\t\t\t\t<\/div>\n\t\t<\/section>\n\t\t\t\t\t<\/div>\n\t\t<\/div>\n\t\t\t\t<div class=\"elementor-column elementor-col-50 elementor-top-column elementor-element elementor-element-c975196\" data-id=\"c975196\" data-element_type=\"column\" data-e-type=\"column\">\n\t\t\t<div class=\"elementor-widget-wrap elementor-element-populated\">\n\t\t\t\t\t\t<div class=\"elementor-element elementor-element-32792faf elementor-widget elementor-widget-spacer\" data-id=\"32792faf\" data-element_type=\"widget\" data-e-type=\"widget\" data-widget_type=\"spacer.default\">\n\t\t\t\t<div class=\"elementor-widget-container\">\n\t\t\t\t\t\t\t<div class=\"elementor-spacer\">\n\t\t\t<div class=\"elementor-spacer-inner\"><\/div>\n\t\t<\/div>\n\t\t\t\t\t\t<\/div>\n\t\t\t\t<\/div>\n\t\t\t\t<div class=\"elementor-element elementor-element-7c303001 elementor-widget elementor-widget-image\" data-id=\"7c303001\" data-element_type=\"widget\" data-e-type=\"widget\" data-widget_type=\"image.default\">\n\t\t\t\t<div class=\"elementor-widget-container\">\n\t\t\t\t\t\t\t\t\t\t\t\t\t\t\t<img fetchpriority=\"high\" decoding=\"async\" width=\"1600\" height=\"1200\" src=\"https:\/\/pompesfunebresbarras.ch\/wp-content\/uploads\/2025\/04\/utstallning-1-scaled-1.jpg\" class=\"attachment-full size-full wp-image-28937\" alt=\"Pompes fun\u00e8bres Barras Crans-Montana, Lens , Chermignon et en Valais\" srcset=\"https:\/\/pompesfunebresbarras.ch\/wp-content\/uploads\/2025\/04\/utstallning-1-scaled-1.jpg 1600w, https:\/\/pompesfunebresbarras.ch\/wp-content\/uploads\/2025\/04\/utstallning-1-scaled-1-300x225.jpg 300w, https:\/\/pompesfunebresbarras.ch\/wp-content\/uploads\/2025\/04\/utstallning-1-scaled-1-1024x768.jpg 1024w, https:\/\/pompesfunebresbarras.ch\/wp-content\/uploads\/2025\/04\/utstallning-1-scaled-1-768x576.jpg 768w, https:\/\/pompesfunebresbarras.ch\/wp-content\/uploads\/2025\/04\/utstallning-1-scaled-1-1536x1152.jpg 1536w\" sizes=\"(max-width: 1600px) 100vw, 1600px\" \/>\t\t\t\t\t\t\t\t\t\t\t\t\t\t\t<\/div>\n\t\t\t\t<\/div>\n\t\t\t\t\t<\/div>\n\t\t<\/div>\n\t\t\t\t\t<\/div>\n\t\t<\/section>\n\t\t\t\t<section class=\"elementor-section elementor-top-section elementor-element elementor-element-1cab1e18 elementor-section-boxed elementor-section-height-default elementor-section-height-default wpr-particle-no wpr-jarallax-no wpr-parallax-no wpr-sticky-section-no wpr-equal-height-no\" data-id=\"1cab1e18\" data-element_type=\"section\" data-e-type=\"section\">\n\t\t\t\t\t\t<div class=\"elementor-container elementor-column-gap-no\">\n\t\t\t\t\t<div class=\"elementor-column elementor-col-100 elementor-top-column elementor-element elementor-element-74aafbff\" data-id=\"74aafbff\" data-element_type=\"column\" data-e-type=\"column\">\n\t\t\t<div class=\"elementor-widget-wrap elementor-element-populated\">\n\t\t\t\t\t\t<div class=\"elementor-element elementor-element-720f3679 elementor-widget elementor-widget-text-editor\" data-id=\"720f3679\" data-element_type=\"widget\" data-e-type=\"widget\" data-widget_type=\"text-editor.default\">\n\t\t\t\t<div class=\"elementor-widget-container\">\n\t\t\t\t\t\t\t\t\t<h4 style=\"text-align: center;\"><b>UN ACCOMPAGNEMENT PERSONNALIS\u00c9\u00a0TOUT EN DOUCEUR<\/b><\/h4>\t\t\t\t\t\t\t\t<\/div>\n\t\t\t\t<\/div>\n\t\t\t\t\t<\/div>\n\t\t<\/div>\n\t\t\t\t\t<\/div>\n\t\t<\/section>\n\t\t<div class=\"elementor-element elementor-element-a8e7db9 e-flex e-con-boxed wpr-particle-no wpr-jarallax-no wpr-parallax-no wpr-sticky-section-no wpr-equal-height-no e-con e-parent\" data-id=\"a8e7db9\" data-element_type=\"container\" data-e-type=\"container\">\n\t\t\t\t\t<div class=\"e-con-inner\">\n\t\t<div class=\"elementor-element elementor-element-41fb1b2f e-con-full e-flex wpr-particle-no wpr-jarallax-no wpr-parallax-no wpr-sticky-section-no wpr-equal-height-no e-con e-child\" data-id=\"41fb1b2f\" data-element_type=\"container\" data-e-type=\"container\">\n\t\t\t\t<div class=\"elementor-element elementor-element-6cfbb182 elementor-widget elementor-widget-text-editor\" data-id=\"6cfbb182\" data-element_type=\"widget\" data-e-type=\"widget\" data-widget_type=\"text-editor.default\">\n\t\t\t\t<div class=\"elementor-widget-container\">\n\t\t\t\t\t\t\t\t\t<h2 style=\"font-size: 25pt; text-align: left;\">Un Service fun\u00e9raire de proximit\u00e9 partout en Valais<\/h2>\t\t\t\t\t\t\t\t<\/div>\n\t\t\t\t<\/div>\n\t\t\t\t<div class=\"elementor-element elementor-element-7f1f3e0d elementor-widget elementor-widget-text-editor\" data-id=\"7f1f3e0d\" data-element_type=\"widget\" data-e-type=\"widget\" data-widget_type=\"text-editor.default\">\n\t\t\t\t<div class=\"elementor-widget-container\">\n\t\t\t\t\t\t\t\t\t<p>Dans un souci constant de faciliter vos d\u00e9marches et pr\u00e9paratifs, nous collaborons avec une \u00e9quipe fun\u00e9raire\u00a0pr\u00e9sente \u00e0 travers tout le Valais.\u00a0<\/p><p>Laissez-vous accompagner par des professionnels qui connaissent parfaitement votre r\u00e9gion afin de vous offrir un service humain, personnalis\u00e9 et de proximit\u00e9.\u00a0<\/p>\t\t\t\t\t\t\t\t<\/div>\n\t\t\t\t<\/div>\n\t\t\t\t<div class=\"elementor-element elementor-element-77075ff0 elementor-align-center elementor-widget elementor-widget-button\" data-id=\"77075ff0\" data-element_type=\"widget\" data-e-type=\"widget\" data-widget_type=\"button.default\">\n\t\t\t\t<div class=\"elementor-widget-container\">\n\t\t\t\t\t\t\t\t\t<div class=\"elementor-button-wrapper\">\n\t\t\t\t\t<a class=\"elementor-button elementor-button-link elementor-size-sm elementor-animation-float\" href=\"https:\/\/pompesfunebresbarras.ch\/nos-agents-en-valais\/\">\n\t\t\t\t\t\t<span class=\"elementor-button-content-wrapper\">\n\t\t\t\t\t\t<span class=\"elementor-button-icon\">\n\t\t\t\t<svg aria-hidden=\"true\" class=\"e-font-icon-svg e-fas-angle-right\" viewBox=\"0 0 256 512\" xmlns=\"http:\/\/www.w3.org\/2000\/svg\"><path d=\"M224.3 273l-136 136c-9.4 9.4-24.6 9.4-33.9 0l-22.6-22.6c-9.4-9.4-9.4-24.6 0-33.9l96.4-96.4-96.4-96.4c-9.4-9.4-9.4-24.6 0-33.9L54.3 103c9.4-9.4 24.6-9.4 33.9 0l136 136c9.5 9.4 9.5 24.6.1 34z\"><\/path><\/svg>\t\t\t<\/span>\n\t\t\t\t\t\t\t\t\t<span class=\"elementor-button-text\">Notre \u00e9quipe \u00e0 proximit\u00e9 <\/span>\n\t\t\t\t\t<\/span>\n\t\t\t\t\t<\/a>\n\t\t\t\t<\/div>\n\t\t\t\t\t\t\t\t<\/div>\n\t\t\t\t<\/div>\n\t\t\t\t<\/div>\n\t\t<div class=\"elementor-element elementor-element-3dc3acdf e-con-full e-flex wpr-particle-no wpr-jarallax-no wpr-parallax-no wpr-sticky-section-no wpr-equal-height-no e-con e-child\" data-id=\"3dc3acdf\" data-element_type=\"container\" data-e-type=\"container\">\n\t\t\t\t<div class=\"elementor-element elementor-element-c110f82 elementor-widget elementor-widget-spacer\" data-id=\"c110f82\" data-element_type=\"widget\" data-e-type=\"widget\" data-widget_type=\"spacer.default\">\n\t\t\t\t<div class=\"elementor-widget-container\">\n\t\t\t\t\t\t\t<div class=\"elementor-spacer\">\n\t\t\t<div class=\"elementor-spacer-inner\"><\/div>\n\t\t<\/div>\n\t\t\t\t\t\t<\/div>\n\t\t\t\t<\/div>\n\t\t\t\t<div class=\"elementor-element elementor-element-2331b9c2 elementor-widget elementor-widget-image\" data-id=\"2331b9c2\" data-element_type=\"widget\" data-e-type=\"widget\" data-widget_type=\"image.default\">\n\t\t\t\t<div class=\"elementor-widget-container\">\n\t\t\t\t\t\t\t\t\t\t\t\t\t\t\t<img decoding=\"async\" width=\"1920\" height=\"2560\" src=\"https:\/\/pompesfunebresbarras.ch\/wp-content\/uploads\/2025\/11\/pink-peppercorn-berries-covered-with-snow-scaled.jpg\" class=\"attachment-full size-full wp-image-29266\" alt=\"Pompes fun\u00e8bres Barras Crans-Montana, Lens , Chermignon et en Valais\" srcset=\"https:\/\/pompesfunebresbarras.ch\/wp-content\/uploads\/2025\/11\/pink-peppercorn-berries-covered-with-snow-scaled.jpg 1920w, https:\/\/pompesfunebresbarras.ch\/wp-content\/uploads\/2025\/11\/pink-peppercorn-berries-covered-with-snow-225x300.jpg 225w, https:\/\/pompesfunebresbarras.ch\/wp-content\/uploads\/2025\/11\/pink-peppercorn-berries-covered-with-snow-768x1024.jpg 768w, https:\/\/pompesfunebresbarras.ch\/wp-content\/uploads\/2025\/11\/pink-peppercorn-berries-covered-with-snow-1152x1536.jpg 1152w, https:\/\/pompesfunebresbarras.ch\/wp-content\/uploads\/2025\/11\/pink-peppercorn-berries-covered-with-snow-1536x2048.jpg 1536w, https:\/\/pompesfunebresbarras.ch\/wp-content\/uploads\/2025\/11\/pink-peppercorn-berries-covered-with-snow-9x12.jpg 9w\" sizes=\"(max-width: 1920px) 100vw, 1920px\" \/>\t\t\t\t\t\t\t\t\t\t\t\t\t\t\t<\/div>\n\t\t\t\t<\/div>\n\t\t\t\t<\/div>\n\t\t\t\t\t<\/div>\n\t\t\t\t<\/div>\n\t\t\t\t<section class=\"elementor-section elementor-top-section elementor-element elementor-element-6a8fdd54 elementor-section-boxed elementor-section-height-default elementor-section-height-default wpr-particle-no wpr-jarallax-no wpr-parallax-no wpr-sticky-section-no wpr-equal-height-no\" data-id=\"6a8fdd54\" data-element_type=\"section\" data-e-type=\"section\">\n\t\t\t\t\t\t<div class=\"elementor-container elementor-column-gap-default\">\n\t\t\t\t\t<div class=\"elementor-column elementor-col-100 elementor-top-column elementor-element elementor-element-50b07467\" data-id=\"50b07467\" data-element_type=\"column\" data-e-type=\"column\">\n\t\t\t<div class=\"elementor-widget-wrap elementor-element-populated\">\n\t\t\t\t\t\t<div class=\"elementor-element elementor-element-177b2d76 elementor-widget elementor-widget-spacer\" data-id=\"177b2d76\" data-element_type=\"widget\" data-e-type=\"widget\" data-widget_type=\"spacer.default\">\n\t\t\t\t<div class=\"elementor-widget-container\">\n\t\t\t\t\t\t\t<div class=\"elementor-spacer\">\n\t\t\t<div class=\"elementor-spacer-inner\"><\/div>\n\t\t<\/div>\n\t\t\t\t\t\t<\/div>\n\t\t\t\t<\/div>\n\t\t\t\t\t<\/div>\n\t\t<\/div>\n\t\t\t\t\t<\/div>\n\t\t<\/section>\n\t\t\t\t<\/div>\n\t\t","protected":false},"excerpt":{"rendered":"<p>Bestattungsinstitut Barras Crans-Montana Wallis Ein Familienunternehmen, um Sie zu begleiten Eine zutiefst menschliche und massgeschneiderte Begleitung anzubieten, ist der Kern unserer Mission.Das Bestattungsinstitut Barras in Crans-Montana und im Zentralwallis zeichnet sich durch ein unabh\u00e4ngiges, famili\u00e4res und zutiefst menschliches Team aus, in dem die pers\u00f6nliche Betreuung einen zentralen Platz einnimmtJede Person, jede Familie, jeder Trauerfall ist einzigartig. Deshalb nehmen wir uns die Zeit, zuzuh\u00f6ren, zu verstehen und die W\u00fcnsche, Bed\u00fcrfnisse und Sehns\u00fcchte jedes Einzelnen zu respektieren.An Ihrer Seite mit Sensibilit\u00e4t und Diskretion begleiten wir Sie Schritt f\u00fcr Schritt und bieten Ihnen eine aufrichtige, vollst\u00e4ndig personalisierte Unterst\u00fctzung, die Ihren Werten und der Geschichte der verstorbenen Person treu bleibt. Sarah Barras, Direktorin Kontaktieren Sie uns EINE PERS\u00d6NLICHE BEGLEITUNG MIT SANFTHEIT Ein Bestattungsdienst in der N\u00e4he \u00fcberall im Wallis In unserem st\u00e4ndigen Bestreben, Ihnen Ihre Schritte und Vorbereitungen zu erleichtern, arbeiten wir mit einem Bestattungsteam zusammen, das im ganzen Wallis pr\u00e4sent ist.  Lassen Sie sich von Fachleuten begleiten, die Ihre Region genau kennen, um Ihnen einen menschlichen, pers\u00f6nlichen und kundennahen Service zu bieten.  Unser Team in der N\u00e4he<\/p>","protected":false},"author":1,"featured_media":0,"parent":0,"menu_order":0,"comment_status":"closed","ping_status":"closed","template":"","meta":{"footnotes":""},"class_list":["post-28924","page","type-page","status-publish","hentry"],"aioseo_notices":[],"_links":{"self":[{"href":"https:\/\/pompesfunebresbarras.ch\/de\/wp-json\/wp\/v2\/pages\/28924","targetHints":{"allow":["GET"]}}],"collection":[{"href":"https:\/\/pompesfunebresbarras.ch\/de\/wp-json\/wp\/v2\/pages"}],"about":[{"href":"https:\/\/pompesfunebresbarras.ch\/de\/wp-json\/wp\/v2\/types\/page"}],"author":[{"embeddable":true,"href":"https:\/\/pompesfunebresbarras.ch\/de\/wp-json\/wp\/v2\/users\/1"}],"replies":[{"embeddable":true,"href":"https:\/\/pompesfunebresbarras.ch\/de\/wp-json\/wp\/v2\/comments?post=28924"}],"version-history":[{"count":73,"href":"https:\/\/pompesfunebresbarras.ch\/de\/wp-json\/wp\/v2\/pages\/28924\/revisions"}],"predecessor-version":[{"id":29272,"href":"https:\/\/pompesfunebresbarras.ch\/de\/wp-json\/wp\/v2\/pages\/28924\/revisions\/29272"}],"wp:attachment":[{"href":"https:\/\/pompesfunebresbarras.ch\/de\/wp-json\/wp\/v2\/media?parent=28924"}],"curies":[{"name":"wp","href":"https:\/\/api.w.org\/{rel}","templated":true}]}}