{"id":28904,"date":"2025-04-08T11:27:05","date_gmt":"2025-04-08T09:27:05","guid":{"rendered":"https:\/\/pompesfunebresbarras.ch\/en-cas-de-deces-valais\/"},"modified":"2025-06-23T11:51:59","modified_gmt":"2025-06-23T09:51:59","slug":"en-cas-de-deces-valais","status":"publish","type":"page","link":"https:\/\/pompesfunebresbarras.ch\/de\/en-cas-de-deces-valais\/","title":{"rendered":"Im Todesfall Wallis"},"content":{"rendered":"<div data-elementor-type=\"wp-page\" data-elementor-id=\"28904\" class=\"elementor elementor-28904\" data-elementor-post-type=\"page\">\n\t\t\t\t\t\t<section class=\"elementor-section elementor-top-section elementor-element elementor-element-7b6da2f2 elementor-section-boxed elementor-section-height-default elementor-section-height-default wpr-particle-no wpr-jarallax-no wpr-parallax-no wpr-sticky-section-no wpr-equal-height-no\" data-id=\"7b6da2f2\" data-element_type=\"section\" data-e-type=\"section\">\n\t\t\t\t\t\t<div class=\"elementor-container elementor-column-gap-no\">\n\t\t\t\t\t<div class=\"elementor-column elementor-col-100 elementor-top-column elementor-element elementor-element-6962999c\" data-id=\"6962999c\" data-element_type=\"column\" data-e-type=\"column\">\n\t\t\t<div class=\"elementor-widget-wrap elementor-element-populated\">\n\t\t\t\t\t\t<div class=\"elementor-element elementor-element-55871ca8 elementor-widget elementor-widget-spacer\" data-id=\"55871ca8\" data-element_type=\"widget\" data-e-type=\"widget\" data-widget_type=\"spacer.default\">\n\t\t\t\t<div class=\"elementor-widget-container\">\n\t\t\t\t\t\t\t<div class=\"elementor-spacer\">\n\t\t\t<div class=\"elementor-spacer-inner\"><\/div>\n\t\t<\/div>\n\t\t\t\t\t\t<\/div>\n\t\t\t\t<\/div>\n\t\t\t\t<div class=\"elementor-element elementor-element-75f8e62f elementor-widget elementor-widget-image\" data-id=\"75f8e62f\" data-element_type=\"widget\" data-e-type=\"widget\" data-widget_type=\"image.default\">\n\t\t\t\t<div class=\"elementor-widget-container\">\n\t\t\t\t\t\t\t\t\t\t\t\t\t\t\t<img fetchpriority=\"high\" decoding=\"async\" width=\"1600\" height=\"1200\" src=\"https:\/\/pompesfunebresbarras.ch\/wp-content\/uploads\/2025\/04\/My-project-6.jpg\" class=\"attachment-full size-full wp-image-28905\" alt=\"Pompes fun\u00e8bres Barras Crans-Montana, Lens , Chermignon et en Valais\" srcset=\"https:\/\/pompesfunebresbarras.ch\/wp-content\/uploads\/2025\/04\/My-project-6.jpg 1600w, https:\/\/pompesfunebresbarras.ch\/wp-content\/uploads\/2025\/04\/My-project-6-300x225.jpg 300w, https:\/\/pompesfunebresbarras.ch\/wp-content\/uploads\/2025\/04\/My-project-6-1024x768.jpg 1024w, https:\/\/pompesfunebresbarras.ch\/wp-content\/uploads\/2025\/04\/My-project-6-768x576.jpg 768w, https:\/\/pompesfunebresbarras.ch\/wp-content\/uploads\/2025\/04\/My-project-6-1536x1152.jpg 1536w\" sizes=\"(max-width: 1600px) 100vw, 1600px\" \/>\t\t\t\t\t\t\t\t\t\t\t\t\t\t\t<\/div>\n\t\t\t\t<\/div>\n\t\t\t\t\t<\/div>\n\t\t<\/div>\n\t\t\t\t\t<\/div>\n\t\t<\/section>\n\t\t\t\t<section class=\"elementor-section elementor-top-section elementor-element elementor-element-12a54dd2 elementor-section-boxed elementor-section-height-default elementor-section-height-default wpr-particle-no wpr-jarallax-no wpr-parallax-no wpr-sticky-section-no wpr-equal-height-no\" data-id=\"12a54dd2\" data-element_type=\"section\" data-e-type=\"section\">\n\t\t\t\t\t\t<div class=\"elementor-container elementor-column-gap-default\">\n\t\t\t\t\t<div class=\"elementor-column elementor-col-100 elementor-top-column elementor-element elementor-element-24b6bbba\" data-id=\"24b6bbba\" data-element_type=\"column\" data-e-type=\"column\">\n\t\t\t<div class=\"elementor-widget-wrap\">\n\t\t\t\t\t\t\t<\/div>\n\t\t<\/div>\n\t\t\t\t\t<\/div>\n\t\t<\/section>\n\t\t\t\t<section class=\"elementor-section elementor-top-section elementor-element elementor-element-45b23f84 elementor-section-boxed elementor-section-height-default elementor-section-height-default wpr-particle-no wpr-jarallax-no wpr-parallax-no wpr-sticky-section-no wpr-equal-height-no\" data-id=\"45b23f84\" data-element_type=\"section\" data-e-type=\"section\">\n\t\t\t\t\t\t<div class=\"elementor-container elementor-column-gap-no\">\n\t\t\t\t\t<div class=\"elementor-column elementor-col-33 elementor-top-column elementor-element elementor-element-e59212c\" data-id=\"e59212c\" data-element_type=\"column\" data-e-type=\"column\">\n\t\t\t<div class=\"elementor-widget-wrap elementor-element-populated\">\n\t\t\t\t\t\t<div class=\"elementor-element elementor-element-6b2e871d elementor-widget elementor-widget-text-editor\" data-id=\"6b2e871d\" data-element_type=\"widget\" data-e-type=\"widget\" data-widget_type=\"text-editor.default\">\n\t\t\t\t<div class=\"elementor-widget-container\">\n\t\t\t\t\t\t\t\t\t<h2 style=\"text-align: center;\">Todesf\u00e4lle\u00a0<\/h2><h2 style=\"text-align: center;\">zu Hause<\/h2>\t\t\t\t\t\t\t\t<\/div>\n\t\t\t\t<\/div>\n\t\t\t\t<div class=\"elementor-element elementor-element-72a8fe7e elementor-widget elementor-widget-text-editor\" data-id=\"72a8fe7e\" data-element_type=\"widget\" data-e-type=\"widget\" data-widget_type=\"text-editor.default\">\n\t\t\t\t<div class=\"elementor-widget-container\">\n\t\t\t\t\t\t\t\t\t<div><p align=\"center\">Bei einem Todesfall im Wallis am Wohnort k\u00f6nnen Sie Ihren Hausarzt, die Zentrale der Dienst\u00e4rzte (<a href=\"tel:0848%20133%20133\">0848 133 133<\/a>) oder die Polizei (117), um den Tod feststellen zu lassen.<span style=\"color: var( --e-global-color-text ); font-family: var( --e-global-typography-text-font-family ), Sans-serif;\">\u00a0<\/span><\/p><p align=\"center\">\u00a0<\/p><\/div><div>\u00a0<\/div>\t\t\t\t\t\t\t\t<\/div>\n\t\t\t\t<\/div>\n\t\t\t\t\t<\/div>\n\t\t<\/div>\n\t\t\t\t<div class=\"elementor-column elementor-col-33 elementor-top-column elementor-element elementor-element-65e2aa7a\" data-id=\"65e2aa7a\" data-element_type=\"column\" data-e-type=\"column\">\n\t\t\t<div class=\"elementor-widget-wrap elementor-element-populated\">\n\t\t\t\t\t\t<div class=\"elementor-element elementor-element-483fc163 elementor-widget elementor-widget-text-editor\" data-id=\"483fc163\" data-element_type=\"widget\" data-e-type=\"widget\" data-widget_type=\"text-editor.default\">\n\t\t\t\t<div class=\"elementor-widget-container\">\n\t\t\t\t\t\t\t\t\t<h2 style=\"text-align: center;\">Unfall oder\u00a0<\/h2><h2 style=\"text-align: center;\">unklare Ursache<\/h2>\t\t\t\t\t\t\t\t<\/div>\n\t\t\t\t<\/div>\n\t\t\t\t<div class=\"elementor-element elementor-element-6e39a15f elementor-widget elementor-widget-text-editor\" data-id=\"6e39a15f\" data-element_type=\"widget\" data-e-type=\"widget\" data-widget_type=\"text-editor.default\">\n\t\t\t\t<div class=\"elementor-widget-container\">\n\t\t\t\t\t\t\t\t\t<div><div><p>Bei einem Unfalltod oder einem verd\u00e4chtigen Todesfall rufen Sie so schnell wie m\u00f6glich die Gendarmerie an (117).<\/p><div><p class=\"demarchebloc\">Die zust\u00e4ndigen Beh\u00f6rden k\u00fcmmern sich um die ersten Schritte, wie z. B. das Anrufen eines Arztes und das Anordnen weiterer Untersuchungen, falls erforderlich. Die Beh\u00f6rden sind jedoch auch daf\u00fcr zust\u00e4ndig, einen Bestatter mit der Erstversorgung des Verstorbenen zu beauftragen,\u00a0<\/p><\/div><div><p class=\"demarchebloc\">haben Sie immer die M\u00f6glichkeit, unsere Dienste f\u00fcr die weiteren Schritte im Zusammenhang mit dem Verlust Ihres Angeh\u00f6rigen in Anspruch zu nehmen.<\/p><\/div><\/div><\/div><div>\u00a0<\/div>\t\t\t\t\t\t\t\t<\/div>\n\t\t\t\t<\/div>\n\t\t\t\t<div class=\"elementor-element elementor-element-1297ef5 elementor-widget elementor-widget-image\" data-id=\"1297ef5\" data-element_type=\"widget\" data-e-type=\"widget\" data-widget_type=\"image.default\">\n\t\t\t\t<div class=\"elementor-widget-container\">\n\t\t\t\t\t\t\t\t\t\t\t\t\t\t\t<img decoding=\"async\" width=\"150\" height=\"150\" src=\"https:\/\/pompesfunebresbarras.ch\/wp-content\/uploads\/2025\/04\/kisspng-ornament-calligraphy-clip-art-vintage-line-5ac049dadf2825.1799470515225512589141-150x150.png\" class=\"attachment-thumbnail size-thumbnail wp-image-28906\" alt=\"Pompes fun\u00e8bres Barras Crans-Montana, Lens , Chermignon et en Valais\" srcset=\"https:\/\/pompesfunebresbarras.ch\/wp-content\/uploads\/2025\/04\/kisspng-ornament-calligraphy-clip-art-vintage-line-5ac049dadf2825.1799470515225512589141-150x150.png 150w, https:\/\/pompesfunebresbarras.ch\/wp-content\/uploads\/2025\/04\/kisspng-ornament-calligraphy-clip-art-vintage-line-5ac049dadf2825.1799470515225512589141-300x300.png 300w, https:\/\/pompesfunebresbarras.ch\/wp-content\/uploads\/2025\/04\/kisspng-ornament-calligraphy-clip-art-vintage-line-5ac049dadf2825.1799470515225512589141.png 512w\" sizes=\"(max-width: 150px) 100vw, 150px\" \/>\t\t\t\t\t\t\t\t\t\t\t\t\t\t\t<\/div>\n\t\t\t\t<\/div>\n\t\t\t\t\t<\/div>\n\t\t<\/div>\n\t\t\t\t<div class=\"elementor-column elementor-col-33 elementor-top-column elementor-element elementor-element-37734165\" data-id=\"37734165\" data-element_type=\"column\" data-e-type=\"column\">\n\t\t\t<div class=\"elementor-widget-wrap elementor-element-populated\">\n\t\t\t\t\t\t<div class=\"elementor-element elementor-element-12f1e029 elementor-widget elementor-widget-text-editor\" data-id=\"12f1e029\" data-element_type=\"widget\" data-e-type=\"widget\" data-widget_type=\"text-editor.default\">\n\t\t\t\t<div class=\"elementor-widget-container\">\n\t\t\t\t\t\t\t\t\t<h2 style=\"text-align: center;\">Krankenhausmilieu\u00a0<\/h2><h2 style=\"text-align: center;\">oder Pflegeheim<\/h2>\t\t\t\t\t\t\t\t<\/div>\n\t\t\t\t<\/div>\n\t\t\t\t<div class=\"elementor-element elementor-element-37ff938f elementor-widget elementor-widget-text-editor\" data-id=\"37ff938f\" data-element_type=\"widget\" data-e-type=\"widget\" data-widget_type=\"text-editor.default\">\n\t\t\t\t<div class=\"elementor-widget-container\">\n\t\t\t\t\t\t\t\t\t<div><p class=\"demarchebloc\">Bei einem Todesfall in einem Krankenhaus oder Pflegeheim kontaktiert die Verwaltung oder das Pflegepersonal den zugelassenen Arzt, um den Tod festzustellen.<\/p><div><p>Anschlie\u00dfend steht es Ihnen frei, sich mit uns in Verbindung zu setzen, damit wir Sie bei den Schritten im Zusammenhang mit dem Verlust Ihres Angeh\u00f6rigen anleiten und begleiten k\u00f6nnen.<\/p><p>\u00a0<\/p><\/div><\/div>\t\t\t\t\t\t\t\t<\/div>\n\t\t\t\t<\/div>\n\t\t\t\t\t<\/div>\n\t\t<\/div>\n\t\t\t\t\t<\/div>\n\t\t<\/section>\n\t\t\t\t<section class=\"elementor-section elementor-top-section elementor-element elementor-element-548499de elementor-section-boxed elementor-section-height-default elementor-section-height-default wpr-particle-no wpr-jarallax-no wpr-parallax-no wpr-sticky-section-no wpr-equal-height-no\" data-id=\"548499de\" data-element_type=\"section\" data-e-type=\"section\">\n\t\t\t\t\t\t<div class=\"elementor-container elementor-column-gap-no\">\n\t\t\t\t\t<div class=\"elementor-column elementor-col-100 elementor-top-column elementor-element elementor-element-4758455\" data-id=\"4758455\" data-element_type=\"column\" data-e-type=\"column\">\n\t\t\t<div class=\"elementor-widget-wrap elementor-element-populated\">\n\t\t\t\t\t\t<div class=\"elementor-element elementor-element-73c5f1e6 elementor-widget elementor-widget-text-editor\" data-id=\"73c5f1e6\" data-element_type=\"widget\" data-e-type=\"widget\" data-widget_type=\"text-editor.default\">\n\t\t\t\t<div class=\"elementor-widget-container\">\n\t\t\t\t\t\t\t\t\t<h2 style=\"text-align: center;\">Wen man im Todesfall alarmieren sollte\u00a0<\/h2>\t\t\t\t\t\t\t\t<\/div>\n\t\t\t\t<\/div>\n\t\t\t\t<div class=\"elementor-element elementor-element-4d8696d1 elementor-widget elementor-widget-text-editor\" data-id=\"4d8696d1\" data-element_type=\"widget\" data-e-type=\"widget\" data-widget_type=\"text-editor.default\">\n\t\t\t\t<div class=\"elementor-widget-container\">\n\t\t\t\t\t\t\t\t\t<p>Wen man im Todesfall alarmieren sollte\u00a0<\/p><div class=\"v1elementor-element v1elementor-element-f329d68 v1elementor-widget v1elementor-widget-text-editor\"><div class=\"v1elementor-widget-container\"><p>Es ist wichtig, dass Sie alle Organisationen oder Personen \u00fcber den Tod Ihres Angeh\u00f6rigen informieren, damit die laufenden Vertr\u00e4ge oder Abbuchungen beendet werden k\u00f6nnen. Diese Organisationen werden von Ihnen die Sterbeurkunde verlangen, um dies zu belegen.<br \/>Im Folgenden finden Sie eine detaillierte, aber nicht ersch\u00f6pfende Liste der Organisationen, die Sie alarmieren sollten:<\/p><p><br \/>- der Arbeitgeber (wenn die Person noch erwerbst\u00e4tig war)<br \/>- die AHV Pensionskasse<br \/>- der Vermieter der Wohnung<br \/>- die Bank(en)<br \/>- die Versicherungsgesellschaft(en) (Auto, Hausrat, Lebensversicherung, 3. S\u00e4ule, ...)<br \/>- Steuer- und Kantonsverwaltungen<\/p><\/div><\/div>\t\t\t\t\t\t\t\t<\/div>\n\t\t\t\t<\/div>\n\t\t\t\t<div class=\"elementor-element elementor-element-6e3fbb59 elementor-align-center elementor-hidden-desktop elementor-hidden-tablet elementor-hidden-mobile elementor-widget elementor-widget-button\" data-id=\"6e3fbb59\" data-element_type=\"widget\" data-e-type=\"widget\" data-widget_type=\"button.default\">\n\t\t\t\t<div class=\"elementor-widget-container\">\n\t\t\t\t\t\t\t\t\t<div class=\"elementor-button-wrapper\">\n\t\t\t\t\t<a class=\"elementor-button elementor-button-link elementor-size-md\" href=\"https:\/\/www.pompesfunebresbarras.ch\/wp-content\/uploads\/2024\/06\/Suite_Deces_Demarches.pdf\" target=\"_blank\">\n\t\t\t\t\t\t<span class=\"elementor-button-content-wrapper\">\n\t\t\t\t\t\t\t\t\t<span class=\"elementor-button-text\">PDF herunterladen<\/span>\n\t\t\t\t\t<\/span>\n\t\t\t\t\t<\/a>\n\t\t\t\t<\/div>\n\t\t\t\t\t\t\t\t<\/div>\n\t\t\t\t<\/div>\n\t\t\t\t\t<\/div>\n\t\t<\/div>\n\t\t\t\t\t<\/div>\n\t\t<\/section>\n\t\t\t\t<section class=\"elementor-section elementor-top-section elementor-element elementor-element-27724648 elementor-section-boxed elementor-section-height-default elementor-section-height-default wpr-particle-no wpr-jarallax-no wpr-parallax-no wpr-sticky-section-no wpr-equal-height-no\" data-id=\"27724648\" data-element_type=\"section\" data-e-type=\"section\">\n\t\t\t\t\t\t<div class=\"elementor-container elementor-column-gap-no\">\n\t\t\t\t\t<div class=\"elementor-column elementor-col-100 elementor-top-column elementor-element elementor-element-30111d6b\" data-id=\"30111d6b\" data-element_type=\"column\" data-e-type=\"column\">\n\t\t\t<div class=\"elementor-widget-wrap elementor-element-populated\">\n\t\t\t\t\t\t<div class=\"elementor-element elementor-element-23c147db elementor-widget elementor-widget-text-editor\" data-id=\"23c147db\" data-element_type=\"widget\" data-e-type=\"widget\" data-widget_type=\"text-editor.default\">\n\t\t\t\t<div class=\"elementor-widget-container\">\n\t\t\t\t\t\t\t\t\t<h2 style=\"text-align: center;\">Leichenhebung: Tag und Nacht erreichbar<\/h2>\t\t\t\t\t\t\t\t<\/div>\n\t\t\t\t<\/div>\n\t\t\t\t<div class=\"elementor-element elementor-element-1b3812e3 elementor-widget elementor-widget-text-editor\" data-id=\"1b3812e3\" data-element_type=\"widget\" data-e-type=\"widget\" data-widget_type=\"text-editor.default\">\n\t\t\t\t<div class=\"elementor-widget-container\">\n\t\t\t\t\t\t\t\t\t<p style=\"text-align: center;\">Nachdem Sie den Tod feststellen lassen haben, k\u00f6nnen Sie uns anrufen unter<span class=\"apple-converted-space\">\u00a0<\/span>027 481 28 16, Tag und Nacht, um die Abholung des Leichnams zu organisieren. Diese kann sofort oder nach Ihren W\u00fcnschen erfolgen.<\/p><p>\u00a0<\/p>\t\t\t\t\t\t\t\t<\/div>\n\t\t\t\t<\/div>\n\t\t\t\t<div class=\"elementor-element elementor-element-204f3cd elementor-widget elementor-widget-image\" data-id=\"204f3cd\" data-element_type=\"widget\" data-e-type=\"widget\" data-widget_type=\"image.default\">\n\t\t\t\t<div class=\"elementor-widget-container\">\n\t\t\t\t\t\t\t\t\t\t\t\t\t\t\t<img decoding=\"async\" width=\"150\" height=\"150\" src=\"https:\/\/pompesfunebresbarras.ch\/wp-content\/uploads\/2025\/04\/kisspng-ornament-calligraphy-clip-art-vintage-line-5ac049dadf2825.1799470515225512589141-150x150.png\" class=\"attachment-thumbnail size-thumbnail wp-image-28906\" alt=\"Pompes fun\u00e8bres Barras Crans-Montana, Lens , Chermignon et en Valais\" srcset=\"https:\/\/pompesfunebresbarras.ch\/wp-content\/uploads\/2025\/04\/kisspng-ornament-calligraphy-clip-art-vintage-line-5ac049dadf2825.1799470515225512589141-150x150.png 150w, https:\/\/pompesfunebresbarras.ch\/wp-content\/uploads\/2025\/04\/kisspng-ornament-calligraphy-clip-art-vintage-line-5ac049dadf2825.1799470515225512589141-300x300.png 300w, https:\/\/pompesfunebresbarras.ch\/wp-content\/uploads\/2025\/04\/kisspng-ornament-calligraphy-clip-art-vintage-line-5ac049dadf2825.1799470515225512589141.png 512w\" sizes=\"(max-width: 150px) 100vw, 150px\" \/>\t\t\t\t\t\t\t\t\t\t\t\t\t\t\t<\/div>\n\t\t\t\t<\/div>\n\t\t\t\t\t<\/div>\n\t\t<\/div>\n\t\t\t\t\t<\/div>\n\t\t<\/section>\n\t\t\t\t<section class=\"elementor-section elementor-top-section elementor-element elementor-element-43944be3 elementor-section-boxed elementor-section-height-default elementor-section-height-default wpr-particle-no wpr-jarallax-no wpr-parallax-no wpr-sticky-section-no wpr-equal-height-no\" data-id=\"43944be3\" data-element_type=\"section\" data-e-type=\"section\">\n\t\t\t\t\t\t<div class=\"elementor-container elementor-column-gap-default\">\n\t\t\t\t\t<div class=\"elementor-column elementor-col-100 elementor-top-column elementor-element elementor-element-3654d92e\" data-id=\"3654d92e\" data-element_type=\"column\" data-e-type=\"column\">\n\t\t\t<div class=\"elementor-widget-wrap elementor-element-populated\">\n\t\t\t\t\t\t<div class=\"elementor-element elementor-element-151f8591 elementor-align-center elementor-widget elementor-widget-button\" data-id=\"151f8591\" data-element_type=\"widget\" data-e-type=\"widget\" data-widget_type=\"button.default\">\n\t\t\t\t<div class=\"elementor-widget-container\">\n\t\t\t\t\t\t\t\t\t<div class=\"elementor-button-wrapper\">\n\t\t\t\t\t<a class=\"elementor-button elementor-button-link elementor-size-md\" href=\"https:\/\/pompesfunebresbarras.ch\/de\/contacter-pompes-funebres-barras-sa\/\">\n\t\t\t\t\t\t<span class=\"elementor-button-content-wrapper\">\n\t\t\t\t\t\t\t\t\t<span class=\"elementor-button-text\">Kontaktieren Sie<\/span>\n\t\t\t\t\t<\/span>\n\t\t\t\t\t<\/a>\n\t\t\t\t<\/div>\n\t\t\t\t\t\t\t\t<\/div>\n\t\t\t\t<\/div>\n\t\t\t\t\t<\/div>\n\t\t<\/div>\n\t\t\t\t\t<\/div>\n\t\t<\/section>\n\t\t\t\t<\/div>","protected":false},"excerpt":{"rendered":"<p>Tod zu Hause Bei einem Todesfall im Wallis zu Hause k\u00f6nnen Sie Ihren Hausarzt, die Notarztzentrale (0848 133 133) oder die Polizei (117) kontaktieren, um den Tod feststellen zu lassen.      Unfall oder unklare Ursache Bei einem unfallbedingten oder verd\u00e4chtigen Todesfall rufen Sie so schnell wie m\u00f6glich die Gendarmerie (117) an. Die zust\u00e4ndigen Beh\u00f6rden k\u00fcmmern sich um die ersten Schritte, wie z. B. einen Arzt zu rufen und ggf. weitere Untersuchungen zu veranlassen. Auch wenn diese f\u00fcr die Beauftragung eines Bestattungsunternehmens f\u00fcr die Erstversorgung des Verstorbenen zust\u00e4ndig sind, k\u00f6nnen Sie sich jederzeit an uns wenden, um die weiteren Schritte im Zusammenhang mit dem Verlust Ihres Angeh\u00f6rigen zu veranlassen.   Krankenhaus oder Pflegeheim Bei einem Todesfall in einem Krankenhaus oder Pflegeheim kontaktiert die Verwaltung oder das Pflegepersonal einen zugelassenen Arzt, um den Tod festzustellen. Danach steht es Ihnen frei, sich mit uns in Verbindung zu setzen, damit wir Sie bei den Schritten im Zusammenhang mit dem Verlust Ihres Angeh\u00f6rigen begleiten und unterst\u00fctzen k\u00f6nnen.   Wer im Todesfall zu benachrichtigen ist Wer im Todesfall zu benachrichtigen ist Es ist wichtig, alle Organisationen oder Personen \u00fcber den Tod Ihres Angeh\u00f6rigen zu informieren, damit laufende Vertr\u00e4ge oder Abbuchungen beendet werden k\u00f6nnen. Im Folgenden finden Sie eine detaillierte, aber nicht ersch\u00f6pfende Liste der Stellen, die Sie benachrichtigen sollten: - den Arbeitgeber (wenn die Person noch erwerbst\u00e4tig war)- die AHV-Rentenkasse- den Vermieter der Wohnung- die Bank(en)- die Versicherungsgesellschaft(en) (Auto, Hausrat, Lebensversicherung, 3. S\u00e4ule, ...)- die Steuer- und Kantonsverwaltung(en) PDF herunterladen Abholung des Leichnams: Tag und Nacht erreichbar Nachdem Sie den Tod feststellen lassen haben, k\u00f6nnen Sie uns unter 027 481 28 16 Tag und Nacht anrufen, um die Abholung des Leichnams zu organisieren. Diese kann sofort oder nach Ihren W\u00fcnschen erfolgen.   Kontaktieren Sie<\/p>","protected":false},"author":1,"featured_media":0,"parent":0,"menu_order":0,"comment_status":"closed","ping_status":"closed","template":"","meta":{"footnotes":""},"class_list":["post-28904","page","type-page","status-publish","hentry"],"aioseo_notices":[],"_links":{"self":[{"href":"https:\/\/pompesfunebresbarras.ch\/de\/wp-json\/wp\/v2\/pages\/28904","targetHints":{"allow":["GET"]}}],"collection":[{"href":"https:\/\/pompesfunebresbarras.ch\/de\/wp-json\/wp\/v2\/pages"}],"about":[{"href":"https:\/\/pompesfunebresbarras.ch\/de\/wp-json\/wp\/v2\/types\/page"}],"author":[{"embeddable":true,"href":"https:\/\/pompesfunebresbarras.ch\/de\/wp-json\/wp\/v2\/users\/1"}],"replies":[{"embeddable":true,"href":"https:\/\/pompesfunebresbarras.ch\/de\/wp-json\/wp\/v2\/comments?post=28904"}],"version-history":[{"count":13,"href":"https:\/\/pompesfunebresbarras.ch\/de\/wp-json\/wp\/v2\/pages\/28904\/revisions"}],"predecessor-version":[{"id":29148,"href":"https:\/\/pompesfunebresbarras.ch\/de\/wp-json\/wp\/v2\/pages\/28904\/revisions\/29148"}],"wp:attachment":[{"href":"https:\/\/pompesfunebresbarras.ch\/de\/wp-json\/wp\/v2\/media?parent=28904"}],"curies":[{"name":"wp","href":"https:\/\/api.w.org\/{rel}","templated":true}]}}