{"id":28900,"date":"2025-04-08T11:27:04","date_gmt":"2025-04-08T09:27:04","guid":{"rendered":"https:\/\/pompesfunebresbarras.ch\/accompagnement-au-deuil-valais\/"},"modified":"2025-07-18T12:00:08","modified_gmt":"2025-07-18T10:00:08","slug":"accompagnement-au-deuil-valais","status":"publish","type":"page","link":"https:\/\/pompesfunebresbarras.ch\/de\/accompagnement-au-deuil-valais\/","title":{"rendered":"Trauerbegleitung Wallis"},"content":{"rendered":"<div data-elementor-type=\"wp-page\" data-elementor-id=\"28900\" class=\"elementor elementor-28900\" data-elementor-post-type=\"page\">\n\t\t\t\t\t\t<section class=\"elementor-section elementor-top-section elementor-element elementor-element-180bb7a2 elementor-section-boxed elementor-section-height-default elementor-section-height-default wpr-particle-no wpr-jarallax-no wpr-parallax-no wpr-sticky-section-no wpr-equal-height-no\" data-id=\"180bb7a2\" data-element_type=\"section\" data-e-type=\"section\">\n\t\t\t\t\t\t<div class=\"elementor-container elementor-column-gap-no\">\n\t\t\t\t\t<div class=\"elementor-column elementor-col-100 elementor-top-column elementor-element elementor-element-50f70828\" data-id=\"50f70828\" data-element_type=\"column\" data-e-type=\"column\">\n\t\t\t<div class=\"elementor-widget-wrap elementor-element-populated\">\n\t\t\t\t\t\t<div class=\"elementor-element elementor-element-7b8e8668 elementor-widget elementor-widget-spacer\" data-id=\"7b8e8668\" data-element_type=\"widget\" data-e-type=\"widget\" data-widget_type=\"spacer.default\">\n\t\t\t\t<div class=\"elementor-widget-container\">\n\t\t\t\t\t\t\t<div class=\"elementor-spacer\">\n\t\t\t<div class=\"elementor-spacer-inner\"><\/div>\n\t\t<\/div>\n\t\t\t\t\t\t<\/div>\n\t\t\t\t<\/div>\n\t\t\t\t<div class=\"elementor-element elementor-element-212fa5dd elementor-widget elementor-widget-image\" data-id=\"212fa5dd\" data-element_type=\"widget\" data-e-type=\"widget\" data-widget_type=\"image.default\">\n\t\t\t\t<div class=\"elementor-widget-container\">\n\t\t\t\t\t\t\t\t\t\t\t\t\t\t\t<img fetchpriority=\"high\" decoding=\"async\" width=\"1600\" height=\"1200\" src=\"https:\/\/pompesfunebresbarras.ch\/wp-content\/uploads\/2025\/04\/My-project-16.jpg\" class=\"attachment-full size-full wp-image-28901\" alt=\"Pompes fun\u00e8bres Barras Crans-Montana, Lens , Chermignon et en Valais\" srcset=\"https:\/\/pompesfunebresbarras.ch\/wp-content\/uploads\/2025\/04\/My-project-16.jpg 1600w, https:\/\/pompesfunebresbarras.ch\/wp-content\/uploads\/2025\/04\/My-project-16-300x225.jpg 300w, https:\/\/pompesfunebresbarras.ch\/wp-content\/uploads\/2025\/04\/My-project-16-1024x768.jpg 1024w, https:\/\/pompesfunebresbarras.ch\/wp-content\/uploads\/2025\/04\/My-project-16-768x576.jpg 768w, https:\/\/pompesfunebresbarras.ch\/wp-content\/uploads\/2025\/04\/My-project-16-1536x1152.jpg 1536w\" sizes=\"(max-width: 1600px) 100vw, 1600px\" \/>\t\t\t\t\t\t\t\t\t\t\t\t\t\t\t<\/div>\n\t\t\t\t<\/div>\n\t\t\t\t\t<\/div>\n\t\t<\/div>\n\t\t\t\t\t<\/div>\n\t\t<\/section>\n\t\t\t\t<section class=\"elementor-section elementor-top-section elementor-element elementor-element-1ff53ca5 elementor-section-boxed elementor-section-height-default elementor-section-height-default wpr-particle-no wpr-jarallax-no wpr-parallax-no wpr-sticky-section-no wpr-equal-height-no\" data-id=\"1ff53ca5\" data-element_type=\"section\" data-e-type=\"section\">\n\t\t\t\t\t\t<div class=\"elementor-container elementor-column-gap-default\">\n\t\t\t\t\t<div class=\"elementor-column elementor-col-100 elementor-top-column elementor-element elementor-element-2133e52\" data-id=\"2133e52\" data-element_type=\"column\" data-e-type=\"column\">\n\t\t\t<div class=\"elementor-widget-wrap\">\n\t\t\t\t\t\t\t<\/div>\n\t\t<\/div>\n\t\t\t\t\t<\/div>\n\t\t<\/section>\n\t\t\t\t<section class=\"elementor-section elementor-top-section elementor-element elementor-element-60be37c0 elementor-section-boxed elementor-section-height-default elementor-section-height-default wpr-particle-no wpr-jarallax-no wpr-parallax-no wpr-sticky-section-no wpr-equal-height-no\" data-id=\"60be37c0\" data-element_type=\"section\" data-e-type=\"section\">\n\t\t\t\t\t\t<div class=\"elementor-container elementor-column-gap-no\">\n\t\t\t\t\t<div class=\"elementor-column elementor-col-100 elementor-top-column elementor-element elementor-element-d8d49a6\" data-id=\"d8d49a6\" data-element_type=\"column\" data-e-type=\"column\">\n\t\t\t<div class=\"elementor-widget-wrap elementor-element-populated\">\n\t\t\t\t\t\t<div class=\"elementor-element elementor-element-3b5d305b elementor-widget elementor-widget-text-editor\" data-id=\"3b5d305b\" data-element_type=\"widget\" data-e-type=\"widget\" data-widget_type=\"text-editor.default\">\n\t\t\t\t<div class=\"elementor-widget-container\">\n\t\t\t\t\t\t\t\t\t<h3><b>Eine Wahl der Liebe und des Friedens f\u00fcr die, die bleiben<\/b><\/h3>\t\t\t\t\t\t\t\t<\/div>\n\t\t\t\t<\/div>\n\t\t\t\t\t<\/div>\n\t\t<\/div>\n\t\t\t\t\t<\/div>\n\t\t<\/section>\n\t\t<div class=\"elementor-element elementor-element-5b6eef4 e-flex e-con-boxed wpr-particle-no wpr-jarallax-no wpr-parallax-no wpr-sticky-section-no wpr-equal-height-no e-con e-parent\" data-id=\"5b6eef4\" data-element_type=\"container\" data-e-type=\"container\">\n\t\t\t\t\t<div class=\"e-con-inner\">\n\t\t\t\t<div class=\"elementor-element elementor-element-0e58d49 elementor-widget elementor-widget-image\" data-id=\"0e58d49\" data-element_type=\"widget\" data-e-type=\"widget\" data-widget_type=\"image.default\">\n\t\t\t\t<div class=\"elementor-widget-container\">\n\t\t\t\t\t\t\t\t\t\t\t\t\t\t\t<img decoding=\"async\" width=\"512\" height=\"512\" src=\"https:\/\/pompesfunebresbarras.ch\/wp-content\/uploads\/2025\/04\/kisspng-ornament-calligraphy-clip-art-vintage-line-5ac049dadf2825.1799470515225512589141.png\" class=\"attachment-large size-large wp-image-28906\" alt=\"Pompes fun\u00e8bres Barras Crans-Montana, Lens , Chermignon et en Valais\" srcset=\"https:\/\/pompesfunebresbarras.ch\/wp-content\/uploads\/2025\/04\/kisspng-ornament-calligraphy-clip-art-vintage-line-5ac049dadf2825.1799470515225512589141.png 512w, https:\/\/pompesfunebresbarras.ch\/wp-content\/uploads\/2025\/04\/kisspng-ornament-calligraphy-clip-art-vintage-line-5ac049dadf2825.1799470515225512589141-300x300.png 300w, https:\/\/pompesfunebresbarras.ch\/wp-content\/uploads\/2025\/04\/kisspng-ornament-calligraphy-clip-art-vintage-line-5ac049dadf2825.1799470515225512589141-150x150.png 150w\" sizes=\"(max-width: 512px) 100vw, 512px\" \/>\t\t\t\t\t\t\t\t\t\t\t\t\t\t\t<\/div>\n\t\t\t\t<\/div>\n\t\t\t\t<div class=\"elementor-element elementor-element-111eb99 elementor-widget elementor-widget-text-editor\" data-id=\"111eb99\" data-element_type=\"widget\" data-e-type=\"widget\" data-widget_type=\"text-editor.default\">\n\t\t\t\t<div class=\"elementor-widget-container\">\n\t\t\t\t\t\t\t\t\t<h3>Vorsorge<\/h3><div><p>Wie kann man die Trauer der Angeh\u00f6rigen nach dem eigenen Tod vorbereiten und erleichtern?<\/p>Es gibt Liebesgesten, die im Geheimen vorbereitet werden. An die Zeit danach zu denken, bedeutet, den Zur\u00fcckbleibenden die S\u00fc\u00dfe eines friedlichen Abschieds zu schenken. In der Stille des Herzens wird die Vorsorge zu einer unsichtbaren Liebkosung, zu einem letzten Wort, das in aller Z\u00e4rtlichkeit hinterlassen wird.<\/div><div><p>Wir gehen auf Ihre W\u00fcnsche ein und bereiten ein Formular f\u00fcr Ihren letzten Willen vor.<\/p><p>Wir bitten Sie, sich f\u00fcr ein Treffen in unseren R\u00e4umlichkeiten oder direkt bei Ihnen zu Hause zu melden.<\/p><\/div>\t\t\t\t\t\t\t\t<\/div>\n\t\t\t\t<\/div>\n\t\t\t\t\t<\/div>\n\t\t\t\t<\/div>\n\t\t\t\t<\/div>","protected":false},"excerpt":{"rendered":"<p>Eine Wahl der Liebe und des Friedens f\u00fcr die Hinterbliebenen Vorsorge Wie kann man die Trauer der Angeh\u00f6rigen nach dem eigenen Tod vorbereiten und erleichtern? Es gibt Gesten der Liebe, die man im Geheimen vorbereitet. An die Zeit danach zu denken, bedeutet, den Hinterbliebenen die S\u00fc\u00dfe eines friedlichen Abschieds zu schenken. In der Stille des Herzens wird die Vorsorge zu einer unsichtbaren Liebkosung, einem letzten Wort, das in aller Z\u00e4rtlichkeit hinterlassen wird. Wir gehen auf Ihre W\u00fcnsche ein und bereiten ein Formular f\u00fcr Ihren letzten Willen vor. Wir bitten Sie, Kontakt aufzunehmen, um ein Treffen in unseren R\u00e4umlichkeiten oder direkt bei Ihnen zu Hause zu vereinbaren.<\/p>","protected":false},"author":1,"featured_media":0,"parent":0,"menu_order":0,"comment_status":"closed","ping_status":"closed","template":"","meta":{"footnotes":""},"class_list":["post-28900","page","type-page","status-publish","hentry"],"aioseo_notices":[],"_links":{"self":[{"href":"https:\/\/pompesfunebresbarras.ch\/de\/wp-json\/wp\/v2\/pages\/28900","targetHints":{"allow":["GET"]}}],"collection":[{"href":"https:\/\/pompesfunebresbarras.ch\/de\/wp-json\/wp\/v2\/pages"}],"about":[{"href":"https:\/\/pompesfunebresbarras.ch\/de\/wp-json\/wp\/v2\/types\/page"}],"author":[{"embeddable":true,"href":"https:\/\/pompesfunebresbarras.ch\/de\/wp-json\/wp\/v2\/users\/1"}],"replies":[{"embeddable":true,"href":"https:\/\/pompesfunebresbarras.ch\/de\/wp-json\/wp\/v2\/comments?post=28900"}],"version-history":[{"count":25,"href":"https:\/\/pompesfunebresbarras.ch\/de\/wp-json\/wp\/v2\/pages\/28900\/revisions"}],"predecessor-version":[{"id":29211,"href":"https:\/\/pompesfunebresbarras.ch\/de\/wp-json\/wp\/v2\/pages\/28900\/revisions\/29211"}],"wp:attachment":[{"href":"https:\/\/pompesfunebresbarras.ch\/de\/wp-json\/wp\/v2\/media?parent=28900"}],"curies":[{"name":"wp","href":"https:\/\/api.w.org\/{rel}","templated":true}]}}