{"id":28877,"date":"2025-04-08T11:26:57","date_gmt":"2025-04-08T09:26:57","guid":{"rendered":"https:\/\/pompesfunebresbarras.ch\/au-sujet-de-nous\/"},"modified":"2026-03-16T23:38:09","modified_gmt":"2026-03-16T22:38:09","slug":"au-sujet-de-nous","status":"publish","type":"page","link":"https:\/\/pompesfunebresbarras.ch\/de\/au-sujet-de-nous\/","title":{"rendered":"\u00dcber uns"},"content":{"rendered":"<div data-elementor-type=\"wp-page\" data-elementor-id=\"28877\" class=\"elementor elementor-28877\" data-elementor-post-type=\"page\">\n\t\t\t\t\t\t<section class=\"elementor-section elementor-top-section elementor-element elementor-element-6af9e93f elementor-section-boxed elementor-section-height-default elementor-section-height-default wpr-particle-no wpr-jarallax-no wpr-parallax-no wpr-sticky-section-no wpr-equal-height-no\" data-id=\"6af9e93f\" data-element_type=\"section\" data-e-type=\"section\">\n\t\t\t\t\t\t<div class=\"elementor-container elementor-column-gap-default\">\n\t\t\t\t\t<div class=\"elementor-column elementor-col-100 elementor-top-column elementor-element elementor-element-2aa94639\" data-id=\"2aa94639\" data-element_type=\"column\" data-e-type=\"column\">\n\t\t\t<div class=\"elementor-widget-wrap elementor-element-populated\">\n\t\t\t\t\t\t<div class=\"elementor-element elementor-element-43a294c0 elementor-widget elementor-widget-text-editor\" data-id=\"43a294c0\" data-element_type=\"widget\" data-e-type=\"widget\" data-widget_type=\"text-editor.default\">\n\t\t\t\t<div class=\"elementor-widget-container\">\n\t\t\t\t\t\t\t\t\t<h1 style=\"text-align: center;\">Seit 60 Jahren da, um Sie zu begleiten<\/h1>\t\t\t\t\t\t\t\t<\/div>\n\t\t\t\t<\/div>\n\t\t\t\t\t<\/div>\n\t\t<\/div>\n\t\t\t\t\t<\/div>\n\t\t<\/section>\n\t\t\t\t<section class=\"elementor-section elementor-top-section elementor-element elementor-element-353785cb elementor-section-boxed elementor-section-height-default elementor-section-height-default wpr-particle-no wpr-jarallax-no wpr-parallax-no wpr-sticky-section-no wpr-equal-height-no\" data-id=\"353785cb\" data-element_type=\"section\" data-e-type=\"section\" data-settings=\"{&quot;background_background&quot;:&quot;classic&quot;}\">\n\t\t\t\t\t\t<div class=\"elementor-container elementor-column-gap-no\">\n\t\t\t\t\t<div class=\"elementor-column elementor-col-100 elementor-top-column elementor-element elementor-element-4f172160\" data-id=\"4f172160\" data-element_type=\"column\" data-e-type=\"column\">\n\t\t\t<div class=\"elementor-widget-wrap elementor-element-populated\">\n\t\t\t\t\t\t<div class=\"elementor-element elementor-element-107dc0e0 elementor-widget elementor-widget-spacer\" data-id=\"107dc0e0\" data-element_type=\"widget\" data-e-type=\"widget\" data-widget_type=\"spacer.default\">\n\t\t\t\t<div class=\"elementor-widget-container\">\n\t\t\t\t\t\t\t<div class=\"elementor-spacer\">\n\t\t\t<div class=\"elementor-spacer-inner\"><\/div>\n\t\t<\/div>\n\t\t\t\t\t\t<\/div>\n\t\t\t\t<\/div>\n\t\t\t\t<div class=\"elementor-element elementor-element-7bf3089a elementor-widget elementor-widget-text-editor\" data-id=\"7bf3089a\" data-element_type=\"widget\" data-e-type=\"widget\" data-widget_type=\"text-editor.default\">\n\t\t\t\t<div class=\"elementor-widget-container\">\n\t\t\t\t\t\t\t\t\t<p style=\"text-align: left;\">Das Bestattungsunternehmen Barras Sa wurde 1955 in Crans-Montana von Herrn Louis Barras und seiner Frau gegr\u00fcndet und ist seit jeher in tiefen Familienwerten verankert, wie der aufrichtigen Verbundenheit mit der Menschlichkeit, dem Respekt, dem Einf\u00fchlungsverm\u00f6gen und dem Verst\u00e4ndnis f\u00fcr diejenigen, die ihm vertrauen.<\/p><p style=\"text-align: left;\">Die Weitergabe von Generation zu Generation ist ein markantes Merkmal des Unternehmens. Herr Willy Barras, der Sohn, trat 1963 in die Firma seines Vaters ein und leitete das Unternehmen bis 2020.<\/p><p style=\"text-align: left;\">Zu diesem Zeitpunkt \u00fcbergab er die Z\u00fcgel an seine Tochter Sarah Barras, die seit diesem Jahr im Unternehmen t\u00e4tig ist. Dieser sanfte \u00dcbergang setzt die Familientradition fort, bei der die Begleitung des Menschen weiterhin im Mittelpunkt der Unternehmensphilosophie der Barras SA steht.<\/p>\t\t\t\t\t\t\t\t<\/div>\n\t\t\t\t<\/div>\n\t\t\t\t\t<\/div>\n\t\t<\/div>\n\t\t\t\t\t<\/div>\n\t\t<\/section>\n\t\t\t\t<section class=\"elementor-section elementor-top-section elementor-element elementor-element-3a2d8c25 elementor-section-boxed elementor-section-height-default elementor-section-height-default wpr-particle-no wpr-jarallax-no wpr-parallax-no wpr-sticky-section-no wpr-equal-height-no\" data-id=\"3a2d8c25\" data-element_type=\"section\" data-e-type=\"section\" data-settings=\"{&quot;background_background&quot;:&quot;classic&quot;}\">\n\t\t\t\t\t\t<div class=\"elementor-container elementor-column-gap-no\">\n\t\t\t\t\t<div class=\"elementor-column elementor-col-50 elementor-top-column elementor-element elementor-element-6f92ef64\" data-id=\"6f92ef64\" data-element_type=\"column\" data-e-type=\"column\">\n\t\t\t<div class=\"elementor-widget-wrap elementor-element-populated\">\n\t\t\t\t\t\t<div class=\"elementor-element elementor-element-3f5ff62d elementor-widget elementor-widget-image\" data-id=\"3f5ff62d\" data-element_type=\"widget\" data-e-type=\"widget\" data-widget_type=\"image.default\">\n\t\t\t\t<div class=\"elementor-widget-container\">\n\t\t\t\t\t\t\t\t\t\t\t\t\t\t\t<img decoding=\"async\" src=\"https:\/\/pompesfunebresbarras.ch\/wp-content\/uploads\/elementor\/thumbs\/histoire1-r41tx7wk8i3xv5clmsecu7wa75gpg5z4cv38256yi4.jpg\" title=\"geschichte1.jpg\" alt=\"Pompes fun\u00e8bres Barras Crans-Montana, Lens , Chermignon et en Valais\" loading=\"lazy\" \/>\t\t\t\t\t\t\t\t\t\t\t\t\t\t\t<\/div>\n\t\t\t\t<\/div>\n\t\t\t\t<div class=\"elementor-element elementor-element-9322156 elementor-widget elementor-widget-text-editor\" data-id=\"9322156\" data-element_type=\"widget\" data-e-type=\"widget\" data-widget_type=\"text-editor.default\">\n\t\t\t\t<div class=\"elementor-widget-container\">\n\t\t\t\t\t\t\t\t\t<p style=\"text-align: center;\"><strong>Madame Georgette und Louis Barras, Gr\u00fcnder Barras Sa 1955<\/strong><\/p>\t\t\t\t\t\t\t\t<\/div>\n\t\t\t\t<\/div>\n\t\t\t\t<div class=\"elementor-element elementor-element-3fd9e24 elementor-widget elementor-widget-spacer\" data-id=\"3fd9e24\" data-element_type=\"widget\" data-e-type=\"widget\" data-widget_type=\"spacer.default\">\n\t\t\t\t<div class=\"elementor-widget-container\">\n\t\t\t\t\t\t\t<div class=\"elementor-spacer\">\n\t\t\t<div class=\"elementor-spacer-inner\"><\/div>\n\t\t<\/div>\n\t\t\t\t\t\t<\/div>\n\t\t\t\t<\/div>\n\t\t\t\t<div class=\"elementor-element elementor-element-215360d8 elementor-widget elementor-widget-spacer\" data-id=\"215360d8\" data-element_type=\"widget\" data-e-type=\"widget\" data-widget_type=\"spacer.default\">\n\t\t\t\t<div class=\"elementor-widget-container\">\n\t\t\t\t\t\t\t<div class=\"elementor-spacer\">\n\t\t\t<div class=\"elementor-spacer-inner\"><\/div>\n\t\t<\/div>\n\t\t\t\t\t\t<\/div>\n\t\t\t\t<\/div>\n\t\t\t\t\t<\/div>\n\t\t<\/div>\n\t\t\t\t<div class=\"elementor-column elementor-col-50 elementor-top-column elementor-element elementor-element-388dd2c5\" data-id=\"388dd2c5\" data-element_type=\"column\" data-e-type=\"column\">\n\t\t\t<div class=\"elementor-widget-wrap elementor-element-populated\">\n\t\t\t\t\t\t<div class=\"elementor-element elementor-element-55cd2b13 elementor-widget elementor-widget-image\" data-id=\"55cd2b13\" data-element_type=\"widget\" data-e-type=\"widget\" data-widget_type=\"image.default\">\n\t\t\t\t<div class=\"elementor-widget-container\">\n\t\t\t\t\t\t\t\t\t\t\t\t\t\t\t<img decoding=\"async\" src=\"https:\/\/pompesfunebresbarras.ch\/wp-content\/uploads\/elementor\/thumbs\/histoire2-r41tx8uefc586rb8haszepnqsjc2nv2uozqpjf5kbw.jpg\" title=\"geschichte2.jpg\" alt=\"Pompes fun\u00e8bres Barras Crans-Montana, Lens , Chermignon et en Valais\" loading=\"lazy\" \/>\t\t\t\t\t\t\t\t\t\t\t\t\t\t\t<\/div>\n\t\t\t\t<\/div>\n\t\t\t\t<div class=\"elementor-element elementor-element-3dc9937d elementor-widget elementor-widget-text-editor\" data-id=\"3dc9937d\" data-element_type=\"widget\" data-e-type=\"widget\" data-widget_type=\"text-editor.default\">\n\t\t\t\t<div class=\"elementor-widget-container\">\n\t\t\t\t\t\t\t\t\t<p style=\"text-align: center;\"><strong>Herr Willy Barras, von 1963 bis 2020<\/strong><\/p>\t\t\t\t\t\t\t\t<\/div>\n\t\t\t\t<\/div>\n\t\t\t\t<div class=\"elementor-element elementor-element-12d91b88 elementor-widget elementor-widget-spacer\" data-id=\"12d91b88\" data-element_type=\"widget\" data-e-type=\"widget\" data-widget_type=\"spacer.default\">\n\t\t\t\t<div class=\"elementor-widget-container\">\n\t\t\t\t\t\t\t<div class=\"elementor-spacer\">\n\t\t\t<div class=\"elementor-spacer-inner\"><\/div>\n\t\t<\/div>\n\t\t\t\t\t\t<\/div>\n\t\t\t\t<\/div>\n\t\t\t\t\t<\/div>\n\t\t<\/div>\n\t\t\t\t\t<\/div>\n\t\t<\/section>\n\t\t\t\t<section class=\"elementor-section elementor-top-section elementor-element elementor-element-6eb081d7 elementor-hidden-desktop elementor-hidden-tablet elementor-hidden-mobile elementor-section-boxed elementor-section-height-default elementor-section-height-default wpr-particle-no wpr-jarallax-no wpr-parallax-no wpr-sticky-section-no wpr-equal-height-no\" data-id=\"6eb081d7\" data-element_type=\"section\" data-e-type=\"section\">\n\t\t\t\t\t\t<div class=\"elementor-container elementor-column-gap-default\">\n\t\t\t\t\t<div class=\"elementor-column elementor-col-100 elementor-top-column elementor-element elementor-element-509c9e54\" data-id=\"509c9e54\" data-element_type=\"column\" data-e-type=\"column\">\n\t\t\t<div class=\"elementor-widget-wrap elementor-element-populated\">\n\t\t\t\t\t\t<div class=\"elementor-element elementor-element-60ea6aef elementor-widget elementor-widget-heading\" data-id=\"60ea6aef\" data-element_type=\"widget\" data-e-type=\"widget\" data-widget_type=\"heading.default\">\n\t\t\t\t<div class=\"elementor-widget-container\">\n\t\t\t\t\t<h2 class=\"elementor-heading-title elementor-size-default\">Entdecken Sie unsere Anlaufstelle in Chermignon <\/h2>\t\t\t\t<\/div>\n\t\t\t\t<\/div>\n\t\t\t\t\t<\/div>\n\t\t<\/div>\n\t\t\t\t\t<\/div>\n\t\t<\/section>\n\t\t\t\t<section class=\"elementor-section elementor-top-section elementor-element elementor-element-869dbaf elementor-hidden-desktop elementor-hidden-tablet elementor-hidden-mobile elementor-section-boxed elementor-section-height-default elementor-section-height-default wpr-particle-no wpr-jarallax-no wpr-parallax-no wpr-sticky-section-no wpr-equal-height-no\" data-id=\"869dbaf\" data-element_type=\"section\" data-e-type=\"section\">\n\t\t\t\t\t\t<div class=\"elementor-container elementor-column-gap-no\">\n\t\t\t\t\t<div class=\"elementor-column elementor-col-50 elementor-top-column elementor-element elementor-element-30c3f58f\" data-id=\"30c3f58f\" data-element_type=\"column\" data-e-type=\"column\">\n\t\t\t<div class=\"elementor-widget-wrap elementor-element-populated\">\n\t\t\t\t\t\t<div class=\"elementor-element elementor-element-75be13ce elementor-widget elementor-widget-text-editor\" data-id=\"75be13ce\" data-element_type=\"widget\" data-e-type=\"widget\" data-widget_type=\"text-editor.default\">\n\t\t\t\t<div class=\"elementor-widget-container\">\n\t\t\t\t\t\t\t\t\t<p>Um den ganzen Artikel zu lesen, klicken Sie bitte auf die Fotos unten.<\/p>\t\t\t\t\t\t\t\t<\/div>\n\t\t\t\t<\/div>\n\t\t\t\t<div class=\"elementor-element elementor-element-62b80f82 elementor-widget elementor-widget-spacer\" data-id=\"62b80f82\" data-element_type=\"widget\" data-e-type=\"widget\" data-widget_type=\"spacer.default\">\n\t\t\t\t<div class=\"elementor-widget-container\">\n\t\t\t\t\t\t\t<div class=\"elementor-spacer\">\n\t\t\t<div class=\"elementor-spacer-inner\"><\/div>\n\t\t<\/div>\n\t\t\t\t\t\t<\/div>\n\t\t\t\t<\/div>\n\t\t\t\t<div class=\"elementor-element elementor-element-1700c197 elementor-widget elementor-widget-image\" data-id=\"1700c197\" data-element_type=\"widget\" data-e-type=\"widget\" data-widget_type=\"image.default\">\n\t\t\t\t<div class=\"elementor-widget-container\">\n\t\t\t\t\t\t\t\t\t\t\t\t\t\t\t\t<a href=\"https:\/\/www.pompesfunebresbarras.ch\/wp-content\/uploads\/2021\/12\/Essentiel-2021-Novembre-7.jpg\" target=\"_blank\">\n\t\t\t\t\t\t\t<img fetchpriority=\"high\" decoding=\"async\" width=\"710\" height=\"509\" src=\"https:\/\/pompesfunebresbarras.ch\/wp-content\/uploads\/2025\/04\/article1.jpeg\" class=\"attachment-large size-large wp-image-28880\" alt=\"Pompes fun\u00e8bres Barras Crans-Montana, Lens , Chermignon et en Valais\" srcset=\"https:\/\/pompesfunebresbarras.ch\/wp-content\/uploads\/2025\/04\/article1.jpeg 710w, https:\/\/pompesfunebresbarras.ch\/wp-content\/uploads\/2025\/04\/article1-300x215.jpeg 300w\" sizes=\"(max-width: 710px) 100vw, 710px\" \/>\t\t\t\t\t\t\t\t<\/a>\n\t\t\t\t\t\t\t\t\t\t\t\t\t\t\t<\/div>\n\t\t\t\t<\/div>\n\t\t\t\t<div class=\"elementor-element elementor-element-456b5611 elementor-widget elementor-widget-spacer\" data-id=\"456b5611\" data-element_type=\"widget\" data-e-type=\"widget\" data-widget_type=\"spacer.default\">\n\t\t\t\t<div class=\"elementor-widget-container\">\n\t\t\t\t\t\t\t<div class=\"elementor-spacer\">\n\t\t\t<div class=\"elementor-spacer-inner\"><\/div>\n\t\t<\/div>\n\t\t\t\t\t\t<\/div>\n\t\t\t\t<\/div>\n\t\t\t\t\t<\/div>\n\t\t<\/div>\n\t\t\t\t<div class=\"elementor-column elementor-col-50 elementor-top-column elementor-element elementor-element-78ef5bf5\" data-id=\"78ef5bf5\" data-element_type=\"column\" data-e-type=\"column\">\n\t\t\t<div class=\"elementor-widget-wrap elementor-element-populated\">\n\t\t\t\t\t\t<div class=\"elementor-element elementor-element-47d9458f elementor-widget elementor-widget-video\" data-id=\"47d9458f\" data-element_type=\"widget\" data-e-type=\"widget\" data-settings=\"{&quot;video_type&quot;:&quot;hosted&quot;,&quot;autoplay&quot;:&quot;yes&quot;,&quot;mute&quot;:&quot;yes&quot;,&quot;loop&quot;:&quot;yes&quot;,&quot;play_on_mobile&quot;:&quot;yes&quot;}\" data-widget_type=\"video.default\">\n\t\t\t\t<div class=\"elementor-widget-container\">\n\t\t\t\t\t\t\t<div class=\"e-hosted-video elementor-wrapper elementor-open-inline\">\n\t\t\t\t\t<video class=\"elementor-video\" src=\"http:\/\/pompesfunebresbarras.ch\/wp-content\/uploads\/2025\/04\/video-barras.mp4\" autoplay=\"\" loop=\"\" muted=\"muted\" playsinline=\"\" controlslist=\"nodownload\"><\/video>\n\t\t\t\t<\/div>\n\t\t\t\t\t\t<\/div>\n\t\t\t\t<\/div>\n\t\t\t\t\t<\/div>\n\t\t<\/div>\n\t\t\t\t\t<\/div>\n\t\t<\/section>\n\t\t\t\t<\/div>","protected":false},"excerpt":{"rendered":"<p>Seit 60 Jahren f\u00fcr Sie da Das Bestattungsunternehmen Barras Sa wurde 1955 in Crans-Montana von Herrn Louis Barras und seiner Frau gegr\u00fcndet und ist seit jeher in tiefen Familienwerten verankert, wie der aufrichtigen Verbundenheit mit der Menschlichkeit, dem Respekt, der Empathie und dem Verst\u00e4ndnis f\u00fcr diejenigen, die ihm ihr Vertrauen schenken. Die Weitergabe von Generation zu Generation ist ein pr\u00e4gendes Merkmal des Unternehmens. Herr Willy Barras, der Sohn, trat 1963 in das Unternehmen seines Vaters ein und leitete es bis 2020. Zu diesem Zeitpunkt \u00fcbergab er die Z\u00fcgel an seine Tochter Sarah Barras, die seit diesem Jahr im Unternehmen t\u00e4tig ist. Dieser sanfte \u00dcbergang setzt die Familientradition fort, bei der die Begleitung des Menschen weiterhin im Mittelpunkt der Unternehmensphilosophie der Barras SA steht. Frau Georgette und Louis Barras, Gr\u00fcnder Barras Sa 1955 Herr Willy Barras, von 1963 bis 2020 Entdecken Sie unseren Standort in Chermignon Um den ganzen Artikel zu lesen, klicken Sie bitte auf die untenstehenden Fotos. http:\/\/pompesfunebresbarras.ch\/wp-content\/uploads\/2025\/04\/video-barras.mp4<\/p>","protected":false},"author":1,"featured_media":0,"parent":0,"menu_order":0,"comment_status":"closed","ping_status":"closed","template":"","meta":{"footnotes":""},"class_list":["post-28877","page","type-page","status-publish","hentry"],"aioseo_notices":[],"_links":{"self":[{"href":"https:\/\/pompesfunebresbarras.ch\/de\/wp-json\/wp\/v2\/pages\/28877","targetHints":{"allow":["GET"]}}],"collection":[{"href":"https:\/\/pompesfunebresbarras.ch\/de\/wp-json\/wp\/v2\/pages"}],"about":[{"href":"https:\/\/pompesfunebresbarras.ch\/de\/wp-json\/wp\/v2\/types\/page"}],"author":[{"embeddable":true,"href":"https:\/\/pompesfunebresbarras.ch\/de\/wp-json\/wp\/v2\/users\/1"}],"replies":[{"embeddable":true,"href":"https:\/\/pompesfunebresbarras.ch\/de\/wp-json\/wp\/v2\/comments?post=28877"}],"version-history":[{"count":16,"href":"https:\/\/pompesfunebresbarras.ch\/de\/wp-json\/wp\/v2\/pages\/28877\/revisions"}],"predecessor-version":[{"id":29310,"href":"https:\/\/pompesfunebresbarras.ch\/de\/wp-json\/wp\/v2\/pages\/28877\/revisions\/29310"}],"wp:attachment":[{"href":"https:\/\/pompesfunebresbarras.ch\/de\/wp-json\/wp\/v2\/media?parent=28877"}],"curies":[{"name":"wp","href":"https:\/\/api.w.org\/{rel}","templated":true}]}}