{"id":28874,"date":"2025-04-08T11:26:56","date_gmt":"2025-04-08T09:26:56","guid":{"rendered":"https:\/\/pompesfunebresbarras.ch\/politique-de-confidentialite\/"},"modified":"2025-04-08T11:27:31","modified_gmt":"2025-04-08T09:27:31","slug":"politique-de-confidentialite","status":"publish","type":"page","link":"https:\/\/pompesfunebresbarras.ch\/de\/politique-de-confidentialite\/","title":{"rendered":"Datenschutzrichtlinie"},"content":{"rendered":"<div data-elementor-type=\"wp-page\" data-elementor-id=\"28874\" class=\"elementor elementor-28874\" data-elementor-post-type=\"page\">\n\t\t\t\t\t\t<section class=\"elementor-section elementor-top-section elementor-element elementor-element-f1417a3 elementor-section-boxed elementor-section-height-default elementor-section-height-default wpr-particle-no wpr-jarallax-no wpr-parallax-no wpr-sticky-section-no wpr-equal-height-no\" data-id=\"f1417a3\" data-element_type=\"section\" data-e-type=\"section\">\n\t\t\t\t\t\t<div class=\"elementor-container elementor-column-gap-default\">\n\t\t\t\t\t<div class=\"elementor-column elementor-col-100 elementor-top-column elementor-element elementor-element-7178f2ad\" data-id=\"7178f2ad\" data-element_type=\"column\" data-e-type=\"column\">\n\t\t\t<div class=\"elementor-widget-wrap elementor-element-populated\">\n\t\t\t\t\t\t<div class=\"elementor-element elementor-element-1c8fba27 elementor-widget elementor-widget-text-editor\" data-id=\"1c8fba27\" data-element_type=\"widget\" data-e-type=\"widget\" data-widget_type=\"text-editor.default\">\n\t\t\t\t<div class=\"elementor-widget-container\">\n\t\t\t\t\t\t\t\t\t<p><strong>Datenschutzrichtlinie<\/strong><\/p><p>Bei Pompes Fun\u00e8bres Barras SA ist der Schutz der Privatsph\u00e4re und der Daten unserer Nutzer von gr\u00f6\u00dfter Bedeutung. Diese Datenschutzrichtlinie erl\u00e4utert, wie wir Ihre pers\u00f6nlichen Daten sammeln, verwenden, speichern und sch\u00fctzen, wenn Sie unsere Website besuchen.<\/p><p><strong>Sammeln von Informationen<\/strong>: Wir k\u00f6nnen pers\u00f6nliche Daten wie Ihren Namen, Ihre E-Mail-Adresse, Ihre Telefonnummer und andere relevante Daten erfassen, wenn Sie Formulare auf unserer Website ausf\u00fcllen oder uns per E-Mail oder Telefon kontaktieren.<\/p><p><strong>Verwendung von Informationen<\/strong>: Die von uns gesammelten Informationen werden verwendet, um Ihre Anfragen zu beantworten, Ihnen die gew\u00fcnschten Dienstleistungen zu erbringen, mit Ihnen zu kommunizieren und Ihre Erfahrung auf unserer Website zu personalisieren. Wir k\u00f6nnen Ihre Informationen auch verwenden, um Ihnen Newsletter oder Informationen \u00fcber unsere Dienstleistungen zu senden, wenn Sie Ihre ausdr\u00fcckliche Zustimmung gegeben haben.<\/p><p><strong>Datenspeicherung und -sicherheit<\/strong>Wir verwenden angemessene Sicherheitsma\u00dfnahmen, um Ihre pers\u00f6nlichen Daten vor Verlust, Missbrauch, unbefugtem Zugriff, Offenlegung, \u00c4nderung oder Zerst\u00f6rung zu sch\u00fctzen. Ihre pers\u00f6nlichen Daten werden sicher gespeichert und ohne Ihre vorherige Zustimmung nicht verkauft, vermietet oder an Dritte weitergegeben.<\/p><p><strong>Offenlegung von Informationen<\/strong>Wir k\u00f6nnen Ihre pers\u00f6nlichen Informationen in den folgenden Situationen offenlegen:<\/p><ul><li>Wenn es gesetzlich vorgeschrieben ist oder im Rahmen eines Gerichtsverfahrens ;<\/li><li>Um unsere gesetzlichen Rechte, unsere Webseite oder unsere Nutzer zu sch\u00fctzen ;<\/li><li>Mit Ihrer ausdr\u00fccklichen Zustimmung.<\/li><\/ul><p><strong>Cookie-Richtlinie<\/strong>Unsere Website verwendet Cookies, um Ihre Nutzererfahrung zu verbessern. Indem Sie unsere Seite nutzen, stimmen Sie der Verwendung von Cookies gem\u00e4\u00df unserer <a href=\"https:\/\/pompesfunebresbarras.ch\/de\/politique-de-cookies-ue\/\">Cookie-Richtlinie<\/a>.<\/p><p><strong>\u00c4nderung der Datenschutzrichtlinie<\/strong>Wir behalten uns das Recht vor, diese Datenschutzrichtlinie zu \u00e4ndern, um \u00c4nderungen unserer Datenschutz- und Datenerfassungspraktiken widerzuspiegeln. Wir empfehlen Ihnen, diese Seite regelm\u00e4\u00dfig zu besuchen, um \u00fcber alle \u00c4nderungen informiert zu bleiben.<\/p><p><strong>Kontakt<\/strong>: Wenn Sie Fragen zu unserer Datenschutzrichtlinie haben oder Ihre Rechte in Bezug auf Ihre pers\u00f6nlichen Daten aus\u00fcben m\u00f6chten, kontaktieren Sie uns bitte telefonisch unter <a href=\"tel:+41274812816\" target=\"_blank\" rel=\"noopener\">+41 27 481 28 16<\/a> oder per Post :<\/p><div><strong>Bestattungsinstitut BARRAS SA<\/strong><\/div><div>\u00a0<\/div><div>Route Touristique 28, 3963 Crans-Montana<\/div><p>Durch die Nutzung unserer Website erkl\u00e4ren Sie sich mit dieser Datenschutzrichtlinie einverstanden.<\/p><p><strong>Letzte Aktualisierung<\/strong> : 23. Oktober 2023.<\/p>\t\t\t\t\t\t\t\t<\/div>\n\t\t\t\t<\/div>\n\t\t\t\t\t<\/div>\n\t\t<\/div>\n\t\t\t\t\t<\/div>\n\t\t<\/section>\n\t\t\t\t<\/div>","protected":false},"excerpt":{"rendered":"<p>Datenschutzrichtlinie Bei Pompes Fun\u00e8bres Barras SA ist der Schutz der Privatsph\u00e4re und der Daten unserer Nutzer von gr\u00f6\u00dfter Bedeutung. Diese Datenschutzrichtlinie erl\u00e4utert, wie wir Ihre pers\u00f6nlichen Informationen sammeln, verwenden, speichern und sch\u00fctzen, wenn Sie unsere Website besuchen. Sammlung von Informationen: Wir k\u00f6nnen pers\u00f6nliche Informationen wie Ihren Namen, Ihre E-Mail-Adresse, Ihre Telefonnummer und andere relevante Daten sammeln, wenn Sie Formulare auf unserer Website ausf\u00fcllen oder uns per E-Mail oder Telefon kontaktieren. Nutzung der Informationen: Die von uns gesammelten Informationen werden verwendet, um Ihre Anfragen zu beantworten, Ihnen die gew\u00fcnschten Dienstleistungen zu erbringen, mit Ihnen zu kommunizieren und Ihre Erfahrung auf unserer Website zu personalisieren. Wir k\u00f6nnen Ihre Informationen auch dazu verwenden, Ihnen Newsletter oder Informationen \u00fcber unsere Dienstleistungen zu senden, wenn Sie Ihre ausdr\u00fcckliche Zustimmung dazu gegeben haben. Datenspeicherung und -sicherheit: Wir wenden angemessene Sicherheitsma\u00dfnahmen an, um Ihre pers\u00f6nlichen Daten vor Verlust, Missbrauch, unbefugtem Zugriff, Offenlegung, \u00c4nderung oder Zerst\u00f6rung zu sch\u00fctzen. Ihre pers\u00f6nlichen Daten werden sicher gespeichert und ohne Ihre vorherige Zustimmung nicht verkauft, vermietet oder an Dritte weitergegeben. Offenlegung von Daten: Wir k\u00f6nnen Ihre personenbezogenen Daten in den folgenden Situationen offenlegen: Wenn es gesetzlich vorgeschrieben ist oder im Rahmen eines Gerichtsverfahrens; Um unsere gesetzlichen Rechte, unsere Website oder unsere Nutzer zu sch\u00fctzen; Mit Ihrer ausdr\u00fccklichen Zustimmung. Cookie-Richtlinie: Unsere Website verwendet Cookies, um Ihre Nutzererfahrung zu verbessern. Durch die Nutzung unserer Website erkl\u00e4ren Sie sich mit der Verwendung von Cookies gem\u00e4\u00df unserer Cookie-Richtlinie einverstanden. \u00c4nderung der Datenschutzrichtlinie: Wir behalten uns das Recht vor, diese Datenschutzrichtlinie zu \u00e4ndern, um \u00c4nderungen unserer Datenschutz- und Datenerhebungspraktiken zu ber\u00fccksichtigen. Wir empfehlen Ihnen, diese Seite regelm\u00e4\u00dfig zu besuchen, um \u00fcber \u00c4nderungen informiert zu bleiben. Kontakt: Wenn Sie Fragen zu unserer Datenschutzrichtlinie haben oder Ihre Rechte in Bezug auf Ihre personenbezogenen Daten aus\u00fcben m\u00f6chten, kontaktieren Sie uns bitte telefonisch unter +41 27 481 28 16 oder per Post: Pompes Fun\u00e8bres BARRAS SA Route Touristique 28, 3963 Crans-Montana Durch die Nutzung unserer Website erkl\u00e4ren Sie sich mit dieser Datenschutzrichtlinie einverstanden. Letzte Aktualisierung: 23. Oktober 2023.<\/p>","protected":false},"author":1,"featured_media":0,"parent":0,"menu_order":0,"comment_status":"closed","ping_status":"closed","template":"","meta":{"footnotes":""},"class_list":["post-28874","page","type-page","status-publish","hentry"],"aioseo_notices":[],"_links":{"self":[{"href":"https:\/\/pompesfunebresbarras.ch\/de\/wp-json\/wp\/v2\/pages\/28874","targetHints":{"allow":["GET"]}}],"collection":[{"href":"https:\/\/pompesfunebresbarras.ch\/de\/wp-json\/wp\/v2\/pages"}],"about":[{"href":"https:\/\/pompesfunebresbarras.ch\/de\/wp-json\/wp\/v2\/types\/page"}],"author":[{"embeddable":true,"href":"https:\/\/pompesfunebresbarras.ch\/de\/wp-json\/wp\/v2\/users\/1"}],"replies":[{"embeddable":true,"href":"https:\/\/pompesfunebresbarras.ch\/de\/wp-json\/wp\/v2\/comments?post=28874"}],"version-history":[{"count":4,"href":"https:\/\/pompesfunebresbarras.ch\/de\/wp-json\/wp\/v2\/pages\/28874\/revisions"}],"predecessor-version":[{"id":28969,"href":"https:\/\/pompesfunebresbarras.ch\/de\/wp-json\/wp\/v2\/pages\/28874\/revisions\/28969"}],"wp:attachment":[{"href":"https:\/\/pompesfunebresbarras.ch\/de\/wp-json\/wp\/v2\/media?parent=28874"}],"curies":[{"name":"wp","href":"https:\/\/api.w.org\/{rel}","templated":true}]}}